{"id":40,"date":"2024-01-15T21:02:24","date_gmt":"2024-01-15T19:02:24","guid":{"rendered":"https:\/\/iwanov-uebersetzungen.com\/?page_id=40"},"modified":"2024-10-08T14:34:10","modified_gmt":"2024-10-08T11:34:10","slug":"bildung-in-bulgarien","status":"publish","type":"page","link":"https:\/\/iwanov-uebersetzungen.com\/de\/bildung-in-bulgarien\/","title":{"rendered":"Ausbildung in Bulgarien"},"content":{"rendered":"<div data-elementor-type=\"wp-page\" data-elementor-id=\"40\" class=\"elementor elementor-40\" data-elementor-post-type=\"page\">\n\t\t\t\t<div class=\"elementor-element elementor-element-45325b97 e-con-full e-flex e-con e-parent\" data-id=\"45325b97\" data-element_type=\"container\" data-core-v316-plus=\"true\">\n\t\t\t\t<div class=\"elementor-element elementor-element-931cae5 elementor-widget elementor-widget-heading\" data-id=\"931cae5\" data-element_type=\"widget\" data-widget_type=\"heading.default\">\n\t\t\t\t<div class=\"elementor-widget-container\">\n\t\t\t<style>\/*! elementor - v3.20.0 - 10-04-2024 *\/\n.elementor-heading-title{padding:0;margin:0;line-height:1}.elementor-widget-heading .elementor-heading-title[class*=elementor-size-]>a{color:inherit;font-size:inherit;line-height:inherit}.elementor-widget-heading .elementor-heading-title.elementor-size-small{font-size:15px}.elementor-widget-heading .elementor-heading-title.elementor-size-medium{font-size:19px}.elementor-widget-heading .elementor-heading-title.elementor-size-large{font-size:29px}.elementor-widget-heading .elementor-heading-title.elementor-size-xl{font-size:39px}.elementor-widget-heading .elementor-heading-title.elementor-size-xxl{font-size:59px}<\/style><h1 class=\"elementor-heading-title elementor-size-default\">Ausbildung in Bulgarien<\/h1>\t\t<\/div>\n\t\t\t\t<\/div>\n\t\t\t\t<\/div>\n\t\t<div class=\"elementor-element elementor-element-4fe3308e e-flex e-con-boxed e-con e-parent\" data-id=\"4fe3308e\" data-element_type=\"container\" data-settings=\"{&quot;shape_divider_top&quot;:&quot;opacity-tilt&quot;,&quot;shape_divider_bottom&quot;:&quot;opacity-tilt&quot;}\" data-core-v316-plus=\"true\">\n\t\t\t\t\t<div class=\"e-con-inner\">\n\t\t\t\t<div class=\"elementor-shape elementor-shape-top\" data-negative=\"false\">\n\t\t\t<svg xmlns=\"http:\/\/www.w3.org\/2000\/svg\" viewbox=\"0 0 2600 131.1\" preserveaspectratio=\"none\">\n\t<path class=\"elementor-shape-fill\" d=\"M0 0L2600 0 2600 69.1 0 0z\"\/>\n\t<path class=\"elementor-shape-fill\" style=\"opacity:0.5\" d=\"M0 0L2600 0 2600 69.1 0 69.1z\"\/>\n\t<path class=\"elementor-shape-fill\" style=\"opacity:0.25\" d=\"M2600 0L0 0 0 130.1 2600 69.1z\"\/>\n<\/svg>\t\t<\/div>\n\t\t\t\t<div class=\"elementor-shape elementor-shape-bottom\" data-negative=\"false\">\n\t\t\t<svg xmlns=\"http:\/\/www.w3.org\/2000\/svg\" viewbox=\"0 0 2600 131.1\" preserveaspectratio=\"none\">\n\t<path class=\"elementor-shape-fill\" d=\"M0 0L2600 0 2600 69.1 0 0z\"\/>\n\t<path class=\"elementor-shape-fill\" style=\"opacity:0.5\" d=\"M0 0L2600 0 2600 69.1 0 69.1z\"\/>\n\t<path class=\"elementor-shape-fill\" style=\"opacity:0.25\" d=\"M2600 0L0 0 0 130.1 2600 69.1z\"\/>\n<\/svg>\t\t<\/div>\n\t\t<div class=\"elementor-element elementor-element-46a2960b e-con-full e-flex e-con e-child\" data-id=\"46a2960b\" data-element_type=\"container\" data-settings=\"{&quot;background_background&quot;:&quot;classic&quot;}\">\n\t\t\t\t<div class=\"elementor-element elementor-element-5ea676f9 elementor-widget elementor-widget-heading\" data-id=\"5ea676f9\" data-element_type=\"widget\" data-widget_type=\"heading.default\">\n\t\t\t\t<div class=\"elementor-widget-container\">\n\t\t\t<h2 class=\"elementor-heading-title elementor-size-default\">Ausbildung an medizinischen (oder anderen) Universit\u00e4ten in Bulgarien<\/h2>\t\t<\/div>\n\t\t\t\t<\/div>\n\t\t\t\t<div class=\"elementor-element elementor-element-382ec379 elementor-widget elementor-widget-text-editor\" data-id=\"382ec379\" data-element_type=\"widget\" data-widget_type=\"text-editor.default\">\n\t\t\t\t<div class=\"elementor-widget-container\">\n\t\t\t<style>\/*! elementor - v3.20.0 - 10-04-2024 *\/\n.elementor-widget-text-editor.elementor-drop-cap-view-stacked .elementor-drop-cap{background-color:#69727d;color:#fff}.elementor-widget-text-editor.elementor-drop-cap-view-framed .elementor-drop-cap{color:#69727d;border:3px solid;background-color:transparent}.elementor-widget-text-editor:not(.elementor-drop-cap-view-default) .elementor-drop-cap{margin-top:8px}.elementor-widget-text-editor:not(.elementor-drop-cap-view-default) .elementor-drop-cap-letter{width:1em;height:1em}.elementor-widget-text-editor .elementor-drop-cap{float:left;text-align:center;line-height:1;font-size:50px}.elementor-widget-text-editor .elementor-drop-cap-letter{display:inline-block}<\/style>\t\t\t\t<p>Ich bereite eine \u00dcbersetzung der notwendigen Unterlagen vom Deutschen ins Bulgarische oder Englische f\u00fcr den Beginn des Studiums in Bulgarien vor. Bei Bedarf unterst\u00fctze ich Sie bei der Aufnahme Ihres Aufenthalts im Land, der Einschreibung an der medizinischen Universit\u00e4t, der Wohnungssuche und anderen Themen.<\/p><p>Ich \u00fcbersetze Diplome und F\u00fchrungszeugnisse, sowie alle anderen notwendigen Dokumente nach abgeschlossener Ausbildung in Bulgarien f\u00fcr die Legalisierung in Deutschland und anderen deutschsprachigen L\u00e4ndern.<\/p><p><strong>Vorteile eines Medizinstudiums in Bulgarien<\/strong><\/p><p class=\" translation-block\"><span class=\"OYPEnA text-decoration-none text-strikethrough-none\">Seit 2012 geh\u00f6rt Bulgarien zu den beliebtesten Studienl\u00e4ndern f\u00fcr ein Medizinstudium in der Europ\u00e4ischen Union<\/span>. Die Hauptgr\u00fcnde hierf\u00fcr sind folgende:<\/p><p style=\"padding-left: 40px;\">\u2022 moderne Ausstattung der Medizinischen Universit\u00e4ten mit 3D-Anatomie R\u00e4umen, medizinische Simulationszentren etc.,<br \/>\u2022 gute Verkehrsanbindungen an Sofia und Varna durch Direktfl\u00fcge von vielen Flugh\u00e4fen in ganz Deutschland und Europa,<br \/>\u2022 relativ niedrige Unterhaltungskosten (sowohl Studiengeb\u00fchren als auch Lebenshaltungskosten),<br \/>\u2022 viele Medizinstudenten aus Deutschland, die bereits in Bulgarien studieren,<br \/>\u2022 kein harter Numerus Clausus (NC),<br \/>\u2022 Englisch als Unterrichtssprache,<br \/>\u2022 Teilnahmem\u00f6glichkeiten durch F\u00f6rderm\u00f6glichkeiten wie Darlehen, Stipendien, Studienkredite oder Auslands-BAf\u00f6G.<\/p><p>Das Studium in Human- und Zahnmedizin beginnt im Wintersemester in Varna, Sofia und Plovdiv. Es besteht auch die M\u00f6glichkeit, in Sofia Veterin\u00e4rmedizin zu studieren. Ein Start des Studiums der Humanmedizin in Pleven ist dar\u00fcber hinaus auch im Sommersemester m\u00f6glich.<\/p>\t\t\t\t\t\t<\/div>\n\t\t\t\t<\/div>\n\t\t\t\t<\/div>\n\t\t<div class=\"elementor-element elementor-element-7d7fef3f e-con-full e-flex e-con e-child\" data-id=\"7d7fef3f\" data-element_type=\"container\">\n\t\t\t\t<div class=\"elementor-element elementor-element-ecb56ec elementor-align-center elementor-tablet-align-center elementor-mobile-align-justify elementor-widget-mobile__width-inherit elementor-widget__width-inherit elementor-widget elementor-widget-button\" data-id=\"ecb56ec\" data-element_type=\"widget\" data-widget_type=\"button.default\">\n\t\t\t\t<div class=\"elementor-widget-container\">\n\t\t\t\t\t<div class=\"elementor-button-wrapper\">\n\t\t\t<a class=\"elementor-button elementor-button-link elementor-size-xs\" href=\"https:\/\/iwanov-uebersetzungen.com\/de\/kontakt\/\">\n\t\t\t\t\t\t<span class=\"elementor-button-content-wrapper\">\n\t\t\t\t\t\t<span class=\"elementor-button-text\">Kontakt<\/span>\n\t\t<\/span>\n\t\t\t\t\t<\/a>\n\t\t<\/div>\n\t\t\t\t<\/div>\n\t\t\t\t<\/div>\n\t\t\t\t<\/div>\n\t\t\t\t\t<\/div>\n\t\t\t\t<\/div>\n\t\t\t\t<\/div>","protected":false},"excerpt":{"rendered":"<p>\u041e\u0431\u0443\u0447\u0435\u043d\u0438\u0435 \u0432 \u0411\u044a\u043b\u0433\u0430\u0440\u0438\u044f \u041e\u0431\u0443\u0447\u0435\u043d\u0438\u0435 \u0432 \u043c\u0435\u0434\u0438\u0446\u0438\u043d\u0441\u043a\u0438 \u0438\u043b\u0438 \u0434\u0440\u0443\u0433\u0438 \u0443\u043d\u0438\u0432\u0435\u0440\u0441\u0438\u0442\u0435\u0442\u0438 \u0432 \u0411\u044a\u043b\u0433\u0430\u0440\u0438\u044f \u0418\u0437\u0433\u043e\u0442\u0432\u044f\u043c \u043f\u0440\u0435\u0432\u043e\u0434 \u043d\u0430 \u043d\u0435\u043e\u0431\u0445\u043e\u0434\u0438\u043c\u0438\u0442\u0435 \u0434\u043e\u043a\u0443\u043c\u0435\u043d\u0442\u0438 \u043e\u0442 \u043d\u0435\u043c\u0441\u043a\u0438 \u043d\u0430 \u0431\u044a\u043b\u0433\u0430\u0440\u0441\u043a\u0438 [&hellip;]<\/p>","protected":false},"author":1,"featured_media":2126,"parent":0,"menu_order":0,"comment_status":"closed","ping_status":"closed","template":"","meta":{"_monsterinsights_skip_tracking":false,"_monsterinsights_sitenote_active":false,"_monsterinsights_sitenote_note":"","_monsterinsights_sitenote_category":0,"site-sidebar-layout":"no-sidebar","site-content-layout":"","ast-site-content-layout":"full-width-container","site-content-style":"default","site-sidebar-style":"default","ast-global-header-display":"","ast-banner-title-visibility":"","ast-main-header-display":"","ast-hfb-above-header-display":"","ast-hfb-below-header-display":"","ast-hfb-mobile-header-display":"","site-post-title":"disabled","ast-breadcrumbs-content":"","ast-featured-img":"disabled","footer-sml-layout":"","theme-transparent-header-meta":"default","adv-header-id-meta":"","stick-header-meta":"","header-above-stick-meta":"","header-main-stick-meta":"","header-below-stick-meta":"","astra-migrate-meta-layouts":"set","ast-page-background-enabled":"default","ast-page-background-meta":{"desktop":{"background-color":"var(--ast-global-color-4)","background-image":"","background-repeat":"repeat","background-position":"center center","background-size":"auto","background-attachment":"scroll","background-type":"","background-media":"","overlay-type":"","overlay-color":"","overlay-gradient":""},"tablet":{"background-color":"","background-image":"","background-repeat":"repeat","background-position":"center center","background-size":"auto","background-attachment":"scroll","background-type":"","background-media":"","overlay-type":"","overlay-color":"","overlay-gradient":""},"mobile":{"background-color":"","background-image":"","background-repeat":"repeat","background-position":"center center","background-size":"auto","background-attachment":"scroll","background-type":"","background-media":"","overlay-type":"","overlay-color":"","overlay-gradient":""}},"ast-content-background-meta":{"desktop":{"background-color":"var(--ast-global-color-5)","background-image":"","background-repeat":"repeat","background-position":"center center","background-size":"auto","background-attachment":"scroll","background-type":"","background-media":"","overlay-type":"","overlay-color":"","overlay-gradient":""},"tablet":{"background-color":"var(--ast-global-color-5)","background-image":"","background-repeat":"repeat","background-position":"center center","background-size":"auto","background-attachment":"scroll","background-type":"","background-media":"","overlay-type":"","overlay-color":"","overlay-gradient":""},"mobile":{"background-color":"var(--ast-global-color-5)","background-image":"","background-repeat":"repeat","background-position":"center center","background-size":"auto","background-attachment":"scroll","background-type":"","background-media":"","overlay-type":"","overlay-color":"","overlay-gradient":""}},"footnotes":""},"class_list":["post-40","page","type-page","status-publish","has-post-thumbnail","hentry"],"yoast_head":"<!-- This site is optimized with the Yoast SEO Premium plugin v23.4 (Yoast SEO v23.4) - https:\/\/yoast.com\/wordpress\/plugins\/seo\/ -->\n<title>Ausbildung an medizinischen Universit\u00e4ten in Bulgarien<\/title>\n<meta name=\"description\" content=\"Ich bereite eine \u00dcbersetzung der notwendigen Unterlagen vom Deutschen ins Bulgarische f\u00fcr den Beginn des Studiums in Bulgarien vor.\" \/>\n<meta name=\"robots\" content=\"index, follow, max-snippet:-1, max-image-preview:large, max-video-preview:-1\" \/>\n<link rel=\"canonical\" href=\"https:\/\/iwanov-uebersetzungen.com\/de\/bildung-in-bulgarien\/\" \/>\n<meta property=\"og:locale\" content=\"de_DE\" \/>\n<meta property=\"og:type\" content=\"article\" \/>\n<meta property=\"og:title\" content=\"\u041e\u0431\u0443\u0447\u0435\u043d\u0438\u0435 \u0432 \u0411\u044a\u043b\u0433\u0430\u0440\u0438\u044f\" \/>\n<meta property=\"og:description\" content=\"Ich bereite eine \u00dcbersetzung der notwendigen Unterlagen vom Deutschen ins Bulgarische f\u00fcr den Beginn des Studiums in Bulgarien vor.\" \/>\n<meta property=\"og:url\" content=\"https:\/\/iwanov-uebersetzungen.com\/de\/bildung-in-bulgarien\/\" \/>\n<meta property=\"og:site_name\" content=\"Iwanov Translate\" \/>\n<meta property=\"article:modified_time\" content=\"2024-10-08T11:34:10+00:00\" \/>\n<meta property=\"og:image\" content=\"https:\/\/iwanov-uebersetzungen.com\/wp-content\/uploads\/2024\/02\/study-medicine-in-bulgariade.png\" \/>\n\t<meta property=\"og:image:width\" content=\"1600\" \/>\n\t<meta property=\"og:image:height\" content=\"500\" \/>\n\t<meta property=\"og:image:type\" content=\"image\/png\" \/>\n<meta name=\"twitter:card\" content=\"summary_large_image\" \/>\n<meta name=\"twitter:label1\" content=\"Gesch\u00e4tzte Lesezeit\" \/>\n\t<meta name=\"twitter:data1\" content=\"2\u00a0Minuten\" \/>\n<script type=\"application\/ld+json\" class=\"yoast-schema-graph\">{\"@context\":\"https:\/\/schema.org\",\"@graph\":[{\"@type\":\"WebPage\",\"@id\":\"https:\/\/iwanov-uebersetzungen.com\/bildung-in-bulgarien\/\",\"url\":\"https:\/\/iwanov-uebersetzungen.com\/bildung-in-bulgarien\/\",\"name\":\"Ausbildung an medizinischen Universit\u00e4ten in Bulgarien\",\"isPartOf\":{\"@id\":\"https:\/\/iwanov-uebersetzungen.com\/#website\"},\"primaryImageOfPage\":{\"@id\":\"https:\/\/iwanov-uebersetzungen.com\/bildung-in-bulgarien\/#primaryimage\"},\"image\":{\"@id\":\"https:\/\/iwanov-uebersetzungen.com\/bildung-in-bulgarien\/#primaryimage\"},\"thumbnailUrl\":\"https:\/\/iwanov-uebersetzungen.com\/wp-content\/uploads\/2024\/02\/study-medicine-in-bulgariade.png\",\"datePublished\":\"2024-01-15T19:02:24+00:00\",\"dateModified\":\"2024-10-08T11:34:10+00:00\",\"description\":\"Ich bereite eine \u00dcbersetzung der notwendigen Unterlagen vom Deutschen ins Bulgarische f\u00fcr den Beginn des Studiums in Bulgarien vor.\",\"breadcrumb\":{\"@id\":\"https:\/\/iwanov-uebersetzungen.com\/bildung-in-bulgarien\/#breadcrumb\"},\"inLanguage\":\"de\",\"potentialAction\":[{\"@type\":\"ReadAction\",\"target\":[\"https:\/\/iwanov-uebersetzungen.com\/bildung-in-bulgarien\/\"]}]},{\"@type\":\"ImageObject\",\"inLanguage\":\"de\",\"@id\":\"https:\/\/iwanov-uebersetzungen.com\/bildung-in-bulgarien\/#primaryimage\",\"url\":\"https:\/\/iwanov-uebersetzungen.com\/wp-content\/uploads\/2024\/02\/study-medicine-in-bulgariade.png\",\"contentUrl\":\"https:\/\/iwanov-uebersetzungen.com\/wp-content\/uploads\/2024\/02\/study-medicine-in-bulgariade.png\",\"width\":1600,\"height\":500,\"caption\":\"Medizinausbildung in Bulgarien\"},{\"@type\":\"BreadcrumbList\",\"@id\":\"https:\/\/iwanov-uebersetzungen.com\/bildung-in-bulgarien\/#breadcrumb\",\"itemListElement\":[{\"@type\":\"ListItem\",\"position\":1,\"name\":\"Home\",\"item\":\"https:\/\/iwanov-uebersetzungen.com\/\"},{\"@type\":\"ListItem\",\"position\":2,\"name\":\"\u041e\u0431\u0443\u0447\u0435\u043d\u0438\u0435 \u0432 \u0411\u044a\u043b\u0433\u0430\u0440\u0438\u044f\"}]},{\"@type\":\"WebSite\",\"@id\":\"https:\/\/iwanov-uebersetzungen.com\/#website\",\"url\":\"https:\/\/iwanov-uebersetzungen.com\/\",\"name\":\"Iwanov Translate\",\"description\":\"\u041f\u0440\u0435\u0432\u043e\u0434 \u0438 \u043b\u0435\u0433\u0430\u043b\u0438\u0437\u0430\u0446\u0438\u044f \u043d\u0430 \u0434\u043e\u043a\u0443\u043c\u0435\u043d\u0442\u0438 \u0432 \u0413\u0435\u0440\u043c\u0430\u043d\u0438\u044f\",\"publisher\":{\"@id\":\"https:\/\/iwanov-uebersetzungen.com\/#organization\"},\"potentialAction\":[{\"@type\":\"SearchAction\",\"target\":{\"@type\":\"EntryPoint\",\"urlTemplate\":\"https:\/\/iwanov-uebersetzungen.com\/?s={search_term_string}\"},\"query-input\":{\"@type\":\"PropertyValueSpecification\",\"valueRequired\":true,\"valueName\":\"search_term_string\"}}],\"inLanguage\":\"de\"},{\"@type\":\"Organization\",\"@id\":\"https:\/\/iwanov-uebersetzungen.com\/#organization\",\"name\":\"Iwanov Translate\",\"url\":\"https:\/\/iwanov-uebersetzungen.com\/\",\"logo\":{\"@type\":\"ImageObject\",\"inLanguage\":\"de\",\"@id\":\"https:\/\/iwanov-uebersetzungen.com\/#\/schema\/logo\/image\/\",\"url\":\"https:\/\/iwanov-uebersetzungen.com\/wp-content\/uploads\/2024\/01\/IwanovTranslate-logo-2.png\",\"contentUrl\":\"https:\/\/iwanov-uebersetzungen.com\/wp-content\/uploads\/2024\/01\/IwanovTranslate-logo-2.png\",\"width\":400,\"height\":400,\"caption\":\"Iwanov Translate\"},\"image\":{\"@id\":\"https:\/\/iwanov-uebersetzungen.com\/#\/schema\/logo\/image\/\"}}]}<\/script>\n<!-- \/ Yoast SEO Premium plugin. -->","yoast_head_json":{"title":"Ausbildung an medizinischen Universit\u00e4ten in Bulgarien","description":"Ich bereite eine \u00dcbersetzung der notwendigen Unterlagen vom Deutschen ins Bulgarische f\u00fcr den Beginn des Studiums in Bulgarien vor.","robots":{"index":"index","follow":"follow","max-snippet":"max-snippet:-1","max-image-preview":"max-image-preview:large","max-video-preview":"max-video-preview:-1"},"canonical":"https:\/\/iwanov-uebersetzungen.com\/de\/bildung-in-bulgarien\/","og_locale":"de_DE","og_type":"article","og_title":"\u041e\u0431\u0443\u0447\u0435\u043d\u0438\u0435 \u0432 \u0411\u044a\u043b\u0433\u0430\u0440\u0438\u044f","og_description":"Ich bereite eine \u00dcbersetzung der notwendigen Unterlagen vom Deutschen ins Bulgarische f\u00fcr den Beginn des Studiums in Bulgarien vor.","og_url":"https:\/\/iwanov-uebersetzungen.com\/de\/bildung-in-bulgarien\/","og_site_name":"Iwanov Translate","article_modified_time":"2024-10-08T11:34:10+00:00","og_image":[{"width":1600,"height":500,"url":"https:\/\/iwanov-uebersetzungen.com\/wp-content\/uploads\/2024\/02\/study-medicine-in-bulgariade.png","type":"image\/png"}],"twitter_card":"summary_large_image","twitter_misc":{"Gesch\u00e4tzte Lesezeit":"2\u00a0Minuten"},"schema":{"@context":"https:\/\/schema.org","@graph":[{"@type":"WebPage","@id":"https:\/\/iwanov-uebersetzungen.com\/bildung-in-bulgarien\/","url":"https:\/\/iwanov-uebersetzungen.com\/bildung-in-bulgarien\/","name":"Ausbildung an medizinischen Universit\u00e4ten in Bulgarien","isPartOf":{"@id":"https:\/\/iwanov-uebersetzungen.com\/#website"},"primaryImageOfPage":{"@id":"https:\/\/iwanov-uebersetzungen.com\/bildung-in-bulgarien\/#primaryimage"},"image":{"@id":"https:\/\/iwanov-uebersetzungen.com\/bildung-in-bulgarien\/#primaryimage"},"thumbnailUrl":"https:\/\/iwanov-uebersetzungen.com\/wp-content\/uploads\/2024\/02\/study-medicine-in-bulgariade.png","datePublished":"2024-01-15T19:02:24+00:00","dateModified":"2024-10-08T11:34:10+00:00","description":"Ich bereite eine \u00dcbersetzung der notwendigen Unterlagen vom Deutschen ins Bulgarische f\u00fcr den Beginn des Studiums in Bulgarien vor.","breadcrumb":{"@id":"https:\/\/iwanov-uebersetzungen.com\/bildung-in-bulgarien\/#breadcrumb"},"inLanguage":"de","potentialAction":[{"@type":"ReadAction","target":["https:\/\/iwanov-uebersetzungen.com\/bildung-in-bulgarien\/"]}]},{"@type":"ImageObject","inLanguage":"de","@id":"https:\/\/iwanov-uebersetzungen.com\/bildung-in-bulgarien\/#primaryimage","url":"https:\/\/iwanov-uebersetzungen.com\/wp-content\/uploads\/2024\/02\/study-medicine-in-bulgariade.png","contentUrl":"https:\/\/iwanov-uebersetzungen.com\/wp-content\/uploads\/2024\/02\/study-medicine-in-bulgariade.png","width":1600,"height":500,"caption":"Medizinausbildung in Bulgarien"},{"@type":"BreadcrumbList","@id":"https:\/\/iwanov-uebersetzungen.com\/bildung-in-bulgarien\/#breadcrumb","itemListElement":[{"@type":"ListItem","position":1,"name":"Home","item":"https:\/\/iwanov-uebersetzungen.com\/"},{"@type":"ListItem","position":2,"name":"\u041e\u0431\u0443\u0447\u0435\u043d\u0438\u0435 \u0432 \u0411\u044a\u043b\u0433\u0430\u0440\u0438\u044f"}]},{"@type":"WebSite","@id":"https:\/\/iwanov-uebersetzungen.com\/#website","url":"https:\/\/iwanov-uebersetzungen.com\/","name":"Iwanov Translate","description":"\u041f\u0440\u0435\u0432\u043e\u0434 \u0438 \u043b\u0435\u0433\u0430\u043b\u0438\u0437\u0430\u0446\u0438\u044f \u043d\u0430 \u0434\u043e\u043a\u0443\u043c\u0435\u043d\u0442\u0438 \u0432 \u0413\u0435\u0440\u043c\u0430\u043d\u0438\u044f","publisher":{"@id":"https:\/\/iwanov-uebersetzungen.com\/#organization"},"potentialAction":[{"@type":"SearchAction","target":{"@type":"EntryPoint","urlTemplate":"https:\/\/iwanov-uebersetzungen.com\/?s={search_term_string}"},"query-input":{"@type":"PropertyValueSpecification","valueRequired":true,"valueName":"search_term_string"}}],"inLanguage":"de"},{"@type":"Organization","@id":"https:\/\/iwanov-uebersetzungen.com\/#organization","name":"Iwanov Translate","url":"https:\/\/iwanov-uebersetzungen.com\/","logo":{"@type":"ImageObject","inLanguage":"de","@id":"https:\/\/iwanov-uebersetzungen.com\/#\/schema\/logo\/image\/","url":"https:\/\/iwanov-uebersetzungen.com\/wp-content\/uploads\/2024\/01\/IwanovTranslate-logo-2.png","contentUrl":"https:\/\/iwanov-uebersetzungen.com\/wp-content\/uploads\/2024\/01\/IwanovTranslate-logo-2.png","width":400,"height":400,"caption":"Iwanov Translate"},"image":{"@id":"https:\/\/iwanov-uebersetzungen.com\/#\/schema\/logo\/image\/"}}]}},"_links":{"self":[{"href":"https:\/\/iwanov-uebersetzungen.com\/de\/wp-json\/wp\/v2\/pages\/40","targetHints":{"allow":["GET"]}}],"collection":[{"href":"https:\/\/iwanov-uebersetzungen.com\/de\/wp-json\/wp\/v2\/pages"}],"about":[{"href":"https:\/\/iwanov-uebersetzungen.com\/de\/wp-json\/wp\/v2\/types\/page"}],"author":[{"embeddable":true,"href":"https:\/\/iwanov-uebersetzungen.com\/de\/wp-json\/wp\/v2\/users\/1"}],"replies":[{"embeddable":true,"href":"https:\/\/iwanov-uebersetzungen.com\/de\/wp-json\/wp\/v2\/comments?post=40"}],"version-history":[{"count":2,"href":"https:\/\/iwanov-uebersetzungen.com\/de\/wp-json\/wp\/v2\/pages\/40\/revisions"}],"predecessor-version":[{"id":2227,"href":"https:\/\/iwanov-uebersetzungen.com\/de\/wp-json\/wp\/v2\/pages\/40\/revisions\/2227"}],"wp:featuredmedia":[{"embeddable":true,"href":"https:\/\/iwanov-uebersetzungen.com\/de\/wp-json\/wp\/v2\/media\/2126"}],"wp:attachment":[{"href":"https:\/\/iwanov-uebersetzungen.com\/de\/wp-json\/wp\/v2\/media?parent=40"}],"curies":[{"name":"wp","href":"https:\/\/api.w.org\/{rel}","templated":true}]}}