{"id":36,"date":"2024-01-15T21:00:16","date_gmt":"2024-01-15T19:00:16","guid":{"rendered":"https:\/\/iwanov-uebersetzungen.com\/?page_id=36"},"modified":"2024-10-08T14:39:07","modified_gmt":"2024-10-08T11:39:07","slug":"dolmetschen","status":"publish","type":"page","link":"https:\/\/iwanov-uebersetzungen.com\/de\/dolmetschen\/","title":{"rendered":"Dolmetschen"},"content":{"rendered":"<div data-elementor-type=\"wp-page\" data-elementor-id=\"36\" class=\"elementor elementor-36\" data-elementor-post-type=\"page\">\n\t\t\t\t<div class=\"elementor-element elementor-element-499aec3c e-con-full e-flex e-con e-parent\" data-id=\"499aec3c\" data-element_type=\"container\" data-core-v316-plus=\"true\">\n\t\t\t\t<div class=\"elementor-element elementor-element-55953349 elementor-widget elementor-widget-heading\" data-id=\"55953349\" data-element_type=\"widget\" data-widget_type=\"heading.default\">\n\t\t\t\t<div class=\"elementor-widget-container\">\n\t\t\t<style>\/*! elementor - v3.20.0 - 10-04-2024 *\/\n.elementor-heading-title{padding:0;margin:0;line-height:1}.elementor-widget-heading .elementor-heading-title[class*=elementor-size-]>a{color:inherit;font-size:inherit;line-height:inherit}.elementor-widget-heading .elementor-heading-title.elementor-size-small{font-size:15px}.elementor-widget-heading .elementor-heading-title.elementor-size-medium{font-size:19px}.elementor-widget-heading .elementor-heading-title.elementor-size-large{font-size:29px}.elementor-widget-heading .elementor-heading-title.elementor-size-xl{font-size:39px}.elementor-widget-heading .elementor-heading-title.elementor-size-xxl{font-size:59px}<\/style><h1 class=\"elementor-heading-title elementor-size-default\">Dolmetschen<\/h1>\t\t<\/div>\n\t\t\t\t<\/div>\n\t\t\t\t<\/div>\n\t\t<div class=\"elementor-element elementor-element-2e41abe7 e-flex e-con-boxed e-con e-parent\" data-id=\"2e41abe7\" data-element_type=\"container\" data-settings=\"{&quot;shape_divider_top&quot;:&quot;opacity-tilt&quot;,&quot;shape_divider_bottom&quot;:&quot;opacity-tilt&quot;}\" data-core-v316-plus=\"true\">\n\t\t\t\t\t<div class=\"e-con-inner\">\n\t\t\t\t<div class=\"elementor-shape elementor-shape-top\" data-negative=\"false\">\n\t\t\t<svg xmlns=\"http:\/\/www.w3.org\/2000\/svg\" viewbox=\"0 0 2600 131.1\" preserveaspectratio=\"none\">\n\t<path class=\"elementor-shape-fill\" d=\"M0 0L2600 0 2600 69.1 0 0z\"\/>\n\t<path class=\"elementor-shape-fill\" style=\"opacity:0.5\" d=\"M0 0L2600 0 2600 69.1 0 69.1z\"\/>\n\t<path class=\"elementor-shape-fill\" style=\"opacity:0.25\" d=\"M2600 0L0 0 0 130.1 2600 69.1z\"\/>\n<\/svg>\t\t<\/div>\n\t\t\t\t<div class=\"elementor-shape elementor-shape-bottom\" data-negative=\"false\">\n\t\t\t<svg xmlns=\"http:\/\/www.w3.org\/2000\/svg\" viewbox=\"0 0 2600 131.1\" preserveaspectratio=\"none\">\n\t<path class=\"elementor-shape-fill\" d=\"M0 0L2600 0 2600 69.1 0 0z\"\/>\n\t<path class=\"elementor-shape-fill\" style=\"opacity:0.5\" d=\"M0 0L2600 0 2600 69.1 0 69.1z\"\/>\n\t<path class=\"elementor-shape-fill\" style=\"opacity:0.25\" d=\"M2600 0L0 0 0 130.1 2600 69.1z\"\/>\n<\/svg>\t\t<\/div>\n\t\t<div class=\"elementor-element elementor-element-45b0619d e-con-full e-flex e-con e-child\" data-id=\"45b0619d\" data-element_type=\"container\" data-settings=\"{&quot;background_background&quot;:&quot;classic&quot;}\">\n\t\t\t\t<div class=\"elementor-element elementor-element-5ea44b6e elementor-widget elementor-widget-heading\" data-id=\"5ea44b6e\" data-element_type=\"widget\" data-widget_type=\"heading.default\">\n\t\t\t\t<div class=\"elementor-widget-container\">\n\t\t\t<h2 class=\"elementor-heading-title elementor-size-default\">Vereidigter Dolmetscher f\u00fcr das Gericht in Baden - Baden<\/h2>\t\t<\/div>\n\t\t\t\t<\/div>\n\t\t\t\t<div class=\"elementor-element elementor-element-31e5649f elementor-widget elementor-widget-text-editor\" data-id=\"31e5649f\" data-element_type=\"widget\" data-widget_type=\"text-editor.default\">\n\t\t\t\t<div class=\"elementor-widget-container\">\n\t\t\t<style>\/*! elementor - v3.20.0 - 10-04-2024 *\/\n.elementor-widget-text-editor.elementor-drop-cap-view-stacked .elementor-drop-cap{background-color:#69727d;color:#fff}.elementor-widget-text-editor.elementor-drop-cap-view-framed .elementor-drop-cap{color:#69727d;border:3px solid;background-color:transparent}.elementor-widget-text-editor:not(.elementor-drop-cap-view-default) .elementor-drop-cap{margin-top:8px}.elementor-widget-text-editor:not(.elementor-drop-cap-view-default) .elementor-drop-cap-letter{width:1em;height:1em}.elementor-widget-text-editor .elementor-drop-cap{float:left;text-align:center;line-height:1;font-size:50px}.elementor-widget-text-editor .elementor-drop-cap-letter{display:inline-block}<\/style>\t\t\t\t<p><span style=\"font-weight: 400;\">F\u00fcr Privatpersonen biete ich Begleitung und \u00dcbersetzung bei Kontakten mit Institutionen, Arbeits\u00e4mtern, \u00c4rzten, Rechtsanw\u00e4lten, Gerichten und \u00fcberall dort an, wo klare Kommunikation eine wichtige Rolle spielt.<\/span><\/p><p><strong>Wie teuer ist das?<\/strong><\/p><p><span style=\"font-weight: 400;\">Abh\u00e4ngig von den spezifischen Bed\u00fcrfnissen kann der Preis erheblich variieren. Darin sind auch Reisezeit und Spesen enthalten. F\u00fcr den Fall, dass Sie gesch\u00e4ftliche Termine auf dem deutschsprachigen Raum haben und meine Dienste in Anspruch nehmen m\u00f6chten, sparen Sie sich die Kosten f\u00fcr die Entsendung eines begleitenden \u00dcbersetzers, beispielsweise aus Bulgarien.<\/span><\/p><p><span style=\"font-weight: 400;\">Gerne erstelle ich Ihnen nach Kenntnisnahme Ihrer konkreten Bed\u00fcrfnisse ein individuelles Angebot.<\/span><\/p><p class=\" translation-block\">Kontaktieren Sie mich per Online-Anfrage oder Telefon und hinterlassen Sie eine Kontaktnummer, damit ich Sie zur\u00fcckrufen und mit Ihnen Ihren Fall besprechen kann.<\/p><p><span style=\"font-weight: 400;\">F\u00fcr Unternehmen und Organisationen biete ich begleitende \u00dcbersetzungen an f\u00fcr:<\/span><\/p><ul><li style=\"list-style-type: none;\"><ul><li style=\"font-weight: 400;\" aria-level=\"1\"><span style=\"font-weight: 400;\">Kongresse, Seminare,<\/span><\/li><li style=\"font-weight: 400;\" aria-level=\"1\"><span style=\"font-weight: 400;\">kulturelle Veranstaltungen, besondere Veranstaltungen,<\/span><\/li><li style=\"font-weight: 400;\" aria-level=\"1\"><span style=\"font-weight: 400;\">Treffen zwischen bulgarischen und deutschsprachigen Delegationen auf verschiedenen Ebenen,<\/span><\/li><li style=\"font-weight: 400;\" aria-level=\"1\"><span style=\"font-weight: 400;\">Gerichtsverhandlungen in Zivil-, Straf-, Verwaltungs- und Sozialgerichten,<\/span><\/li><li style=\"font-weight: 400;\" aria-level=\"1\"><span style=\"font-weight: 400;\">Notare, Rechtsanw\u00e4lte und Berater,<\/span><\/li><li style=\"font-weight: 400;\" aria-level=\"1\"><span style=\"font-weight: 400;\">Firmen und Business Treffen,<\/span><\/li><li style=\"font-weight: 400;\" aria-level=\"1\"><span style=\"font-weight: 400;\">Erfahrungsaustausch,<\/span><\/li><li style=\"font-weight: 400;\" aria-level=\"1\"><span style=\"font-weight: 400;\">Gesch\u00e4ftsreisen, Besuche bei Reiseunternehmen,<\/span><\/li><li style=\"font-weight: 400;\" aria-level=\"1\"><span style=\"font-weight: 400;\">Bildungskurse und Spezialisierung, Schulung.<\/span><\/li><\/ul><\/li><\/ul>\t\t\t\t\t\t<\/div>\n\t\t\t\t<\/div>\n\t\t\t\t<\/div>\n\t\t<div class=\"elementor-element elementor-element-488c5fb8 e-con-full e-flex e-con e-child\" data-id=\"488c5fb8\" data-element_type=\"container\">\n\t\t\t\t<div class=\"elementor-element elementor-element-a46b89d elementor-align-center elementor-tablet-align-center elementor-mobile-align-justify elementor-widget-mobile__width-inherit elementor-widget__width-inherit elementor-widget elementor-widget-button\" data-id=\"a46b89d\" data-element_type=\"widget\" data-widget_type=\"button.default\">\n\t\t\t\t<div class=\"elementor-widget-container\">\n\t\t\t\t\t<div class=\"elementor-button-wrapper\">\n\t\t\t<a class=\"elementor-button elementor-button-link elementor-size-xs\" href=\"https:\/\/iwanov-uebersetzungen.com\/de\/kontakt\/\">\n\t\t\t\t\t\t<span class=\"elementor-button-content-wrapper\">\n\t\t\t\t\t\t<span class=\"elementor-button-text\">Dolmetscher anfordern<\/span>\n\t\t<\/span>\n\t\t\t\t\t<\/a>\n\t\t<\/div>\n\t\t\t\t<\/div>\n\t\t\t\t<\/div>\n\t\t\t\t<\/div>\n\t\t\t\t\t<\/div>\n\t\t\t\t<\/div>\n\t\t\t\t<\/div>","protected":false},"excerpt":{"rendered":"<p>\u0423\u0441\u0442\u0435\u043d \u043f\u0440\u0435\u0432\u043e\u0434 \u041b\u0438\u0446\u0435\u043d\u0437\u0438\u0440\u0430\u043d \u043f\u0440\u0435\u0432\u043e\u0434\u0430\u0447 \u043a\u044a\u043c \u0441\u044a\u0434\u0430 \u0432 \u0411\u0430\u0434\u0435\u043d &#8211; \u0411\u0430\u0434\u0435\u043d \u0417\u0430 \u0447\u0430\u0441\u0442\u043d\u0438 \u043b\u0438\u0446\u0430 \u043f\u0440\u0435\u0434\u043b\u0430\u0433\u0430\u043c \u043f\u0440\u0438\u0434\u0440\u0443\u0436\u0430\u0432\u0430\u043d\u0435 \u0438 \u043f\u0440\u0435\u0432\u043e\u0434 \u043f\u0440\u0438 \u043a\u043e\u043d\u0442\u0430\u043a\u0442\u0438 \u0441 [&hellip;]<\/p>","protected":false},"author":1,"featured_media":1800,"parent":0,"menu_order":0,"comment_status":"closed","ping_status":"closed","template":"","meta":{"_monsterinsights_skip_tracking":false,"_monsterinsights_sitenote_active":false,"_monsterinsights_sitenote_note":"","_monsterinsights_sitenote_category":0,"site-sidebar-layout":"no-sidebar","site-content-layout":"","ast-site-content-layout":"full-width-container","site-content-style":"default","site-sidebar-style":"default","ast-global-header-display":"","ast-banner-title-visibility":"","ast-main-header-display":"","ast-hfb-above-header-display":"","ast-hfb-below-header-display":"","ast-hfb-mobile-header-display":"","site-post-title":"disabled","ast-breadcrumbs-content":"","ast-featured-img":"disabled","footer-sml-layout":"","theme-transparent-header-meta":"default","adv-header-id-meta":"","stick-header-meta":"","header-above-stick-meta":"","header-main-stick-meta":"","header-below-stick-meta":"","astra-migrate-meta-layouts":"set","ast-page-background-enabled":"default","ast-page-background-meta":{"desktop":{"background-color":"var(--ast-global-color-4)","background-image":"","background-repeat":"repeat","background-position":"center center","background-size":"auto","background-attachment":"scroll","background-type":"","background-media":"","overlay-type":"","overlay-color":"","overlay-gradient":""},"tablet":{"background-color":"","background-image":"","background-repeat":"repeat","background-position":"center center","background-size":"auto","background-attachment":"scroll","background-type":"","background-media":"","overlay-type":"","overlay-color":"","overlay-gradient":""},"mobile":{"background-color":"","background-image":"","background-repeat":"repeat","background-position":"center center","background-size":"auto","background-attachment":"scroll","background-type":"","background-media":"","overlay-type":"","overlay-color":"","overlay-gradient":""}},"ast-content-background-meta":{"desktop":{"background-color":"var(--ast-global-color-5)","background-image":"","background-repeat":"repeat","background-position":"center center","background-size":"auto","background-attachment":"scroll","background-type":"","background-media":"","overlay-type":"","overlay-color":"","overlay-gradient":""},"tablet":{"background-color":"var(--ast-global-color-5)","background-image":"","background-repeat":"repeat","background-position":"center center","background-size":"auto","background-attachment":"scroll","background-type":"","background-media":"","overlay-type":"","overlay-color":"","overlay-gradient":""},"mobile":{"background-color":"var(--ast-global-color-5)","background-image":"","background-repeat":"repeat","background-position":"center center","background-size":"auto","background-attachment":"scroll","background-type":"","background-media":"","overlay-type":"","overlay-color":"","overlay-gradient":""}},"footnotes":""},"class_list":["post-36","page","type-page","status-publish","has-post-thumbnail","hentry"],"yoast_head":"<!-- This site is optimized with the Yoast SEO Premium plugin v23.4 (Yoast SEO v23.4) - https:\/\/yoast.com\/wordpress\/plugins\/seo\/ -->\n<title>\u0423\u0441\u0442\u0435\u043d \u043f\u0440\u0435\u0432\u043e\u0434 - Iwanov Translate<\/title>\n<meta name=\"description\" content=\"\u0423\u0441\u0442\u0435\u043d \u043f\u0440\u0435\u0432\u043e\u0434 \u0438 \u043f\u0440\u0438\u0434\u0440\u0443\u0436\u0430\u0432\u0430\u043d\u0435 \u043d\u0430 \u043a\u043b\u0438\u0435\u043d\u0442 \u0432 \u0431\u043e\u043b\u043d\u0438\u0446\u0430, \u0431\u0430\u043d\u043a\u0430, \u043f\u0440\u0435\u0434 \u043d\u043e\u0442\u0430\u0440\u0438\u0443\u0441, \u0432 \u0441\u044a\u0434\u0430, \u0434\u0440\u0443\u0433\u0438 \u0438\u043d\u0441\u0442\u0438\u0442\u0443\u0446\u0438\u0438, \u043a\u0430\u043a\u0442\u043e \u0438 \u0432 \u0442\u0435\u043b\u0435\u0444\u043e\u043d\u043d\u0438 \u0440\u0430\u0437\u0433\u043e\u0432\u043e\u0440\u0438.\" \/>\n<meta name=\"robots\" content=\"index, follow, max-snippet:-1, max-image-preview:large, max-video-preview:-1\" \/>\n<link rel=\"canonical\" href=\"https:\/\/iwanov-uebersetzungen.com\/de\/dolmetschen\/\" \/>\n<meta property=\"og:locale\" content=\"de_DE\" \/>\n<meta property=\"og:type\" content=\"article\" \/>\n<meta property=\"og:title\" content=\"\u0423\u0441\u0442\u0435\u043d \u043f\u0440\u0435\u0432\u043e\u0434\" \/>\n<meta property=\"og:description\" content=\"\u0423\u0441\u0442\u0435\u043d \u043f\u0440\u0435\u0432\u043e\u0434 \u0438 \u043f\u0440\u0438\u0434\u0440\u0443\u0436\u0430\u0432\u0430\u043d\u0435 \u043d\u0430 \u043a\u043b\u0438\u0435\u043d\u0442 \u0432 \u0431\u043e\u043b\u043d\u0438\u0446\u0430, \u0431\u0430\u043d\u043a\u0430, \u043f\u0440\u0435\u0434 \u043d\u043e\u0442\u0430\u0440\u0438\u0443\u0441, \u0432 \u0441\u044a\u0434\u0430, \u0434\u0440\u0443\u0433\u0438 \u0438\u043d\u0441\u0442\u0438\u0442\u0443\u0446\u0438\u0438, \u043a\u0430\u043a\u0442\u043e \u0438 \u0432 \u0442\u0435\u043b\u0435\u0444\u043e\u043d\u043d\u0438 \u0440\u0430\u0437\u0433\u043e\u0432\u043e\u0440\u0438.\" \/>\n<meta property=\"og:url\" content=\"https:\/\/iwanov-uebersetzungen.com\/de\/dolmetschen\/\" \/>\n<meta property=\"og:site_name\" content=\"Iwanov Translate\" \/>\n<meta property=\"article:modified_time\" content=\"2024-10-08T11:39:07+00:00\" \/>\n<meta property=\"og:image\" content=\"https:\/\/iwanov-uebersetzungen.com\/wp-content\/uploads\/2024\/01\/iwanov-translate-favicon-1.png\" \/>\n\t<meta property=\"og:image:width\" content=\"260\" \/>\n\t<meta property=\"og:image:height\" content=\"260\" \/>\n\t<meta property=\"og:image:type\" content=\"image\/png\" \/>\n<meta name=\"twitter:card\" content=\"summary_large_image\" \/>\n<meta name=\"twitter:label1\" content=\"Gesch\u00e4tzte Lesezeit\" \/>\n\t<meta name=\"twitter:data1\" content=\"2\u00a0Minuten\" \/>\n<script type=\"application\/ld+json\" class=\"yoast-schema-graph\">{\"@context\":\"https:\/\/schema.org\",\"@graph\":[{\"@type\":\"WebPage\",\"@id\":\"https:\/\/iwanov-uebersetzungen.com\/dolmetschen\/\",\"url\":\"https:\/\/iwanov-uebersetzungen.com\/dolmetschen\/\",\"name\":\"\u0423\u0441\u0442\u0435\u043d \u043f\u0440\u0435\u0432\u043e\u0434 - Iwanov Translate\",\"isPartOf\":{\"@id\":\"https:\/\/iwanov-uebersetzungen.com\/#website\"},\"primaryImageOfPage\":{\"@id\":\"https:\/\/iwanov-uebersetzungen.com\/dolmetschen\/#primaryimage\"},\"image\":{\"@id\":\"https:\/\/iwanov-uebersetzungen.com\/dolmetschen\/#primaryimage\"},\"thumbnailUrl\":\"https:\/\/iwanov-uebersetzungen.com\/wp-content\/uploads\/2024\/01\/iwanov-translate-favicon-1.png\",\"datePublished\":\"2024-01-15T19:00:16+00:00\",\"dateModified\":\"2024-10-08T11:39:07+00:00\",\"description\":\"\u0423\u0441\u0442\u0435\u043d \u043f\u0440\u0435\u0432\u043e\u0434 \u0438 \u043f\u0440\u0438\u0434\u0440\u0443\u0436\u0430\u0432\u0430\u043d\u0435 \u043d\u0430 \u043a\u043b\u0438\u0435\u043d\u0442 \u0432 \u0431\u043e\u043b\u043d\u0438\u0446\u0430, \u0431\u0430\u043d\u043a\u0430, \u043f\u0440\u0435\u0434 \u043d\u043e\u0442\u0430\u0440\u0438\u0443\u0441, \u0432 \u0441\u044a\u0434\u0430, \u0434\u0440\u0443\u0433\u0438 \u0438\u043d\u0441\u0442\u0438\u0442\u0443\u0446\u0438\u0438, \u043a\u0430\u043a\u0442\u043e \u0438 \u0432 \u0442\u0435\u043b\u0435\u0444\u043e\u043d\u043d\u0438 \u0440\u0430\u0437\u0433\u043e\u0432\u043e\u0440\u0438.\",\"breadcrumb\":{\"@id\":\"https:\/\/iwanov-uebersetzungen.com\/dolmetschen\/#breadcrumb\"},\"inLanguage\":\"de\",\"potentialAction\":[{\"@type\":\"ReadAction\",\"target\":[\"https:\/\/iwanov-uebersetzungen.com\/dolmetschen\/\"]}]},{\"@type\":\"ImageObject\",\"inLanguage\":\"de\",\"@id\":\"https:\/\/iwanov-uebersetzungen.com\/dolmetschen\/#primaryimage\",\"url\":\"https:\/\/iwanov-uebersetzungen.com\/wp-content\/uploads\/2024\/01\/iwanov-translate-favicon-1.png\",\"contentUrl\":\"https:\/\/iwanov-uebersetzungen.com\/wp-content\/uploads\/2024\/01\/iwanov-translate-favicon-1.png\",\"width\":260,\"height\":260,\"caption\":\"Iwanov Translate Favicon\"},{\"@type\":\"BreadcrumbList\",\"@id\":\"https:\/\/iwanov-uebersetzungen.com\/dolmetschen\/#breadcrumb\",\"itemListElement\":[{\"@type\":\"ListItem\",\"position\":1,\"name\":\"Home\",\"item\":\"https:\/\/iwanov-uebersetzungen.com\/\"},{\"@type\":\"ListItem\",\"position\":2,\"name\":\"\u0423\u0441\u0442\u0435\u043d \u043f\u0440\u0435\u0432\u043e\u0434\"}]},{\"@type\":\"WebSite\",\"@id\":\"https:\/\/iwanov-uebersetzungen.com\/#website\",\"url\":\"https:\/\/iwanov-uebersetzungen.com\/\",\"name\":\"Iwanov Translate\",\"description\":\"\u041f\u0440\u0435\u0432\u043e\u0434 \u0438 \u043b\u0435\u0433\u0430\u043b\u0438\u0437\u0430\u0446\u0438\u044f \u043d\u0430 \u0434\u043e\u043a\u0443\u043c\u0435\u043d\u0442\u0438 \u0432 \u0413\u0435\u0440\u043c\u0430\u043d\u0438\u044f\",\"publisher\":{\"@id\":\"https:\/\/iwanov-uebersetzungen.com\/#organization\"},\"potentialAction\":[{\"@type\":\"SearchAction\",\"target\":{\"@type\":\"EntryPoint\",\"urlTemplate\":\"https:\/\/iwanov-uebersetzungen.com\/?s={search_term_string}\"},\"query-input\":{\"@type\":\"PropertyValueSpecification\",\"valueRequired\":true,\"valueName\":\"search_term_string\"}}],\"inLanguage\":\"de\"},{\"@type\":\"Organization\",\"@id\":\"https:\/\/iwanov-uebersetzungen.com\/#organization\",\"name\":\"Iwanov Translate\",\"url\":\"https:\/\/iwanov-uebersetzungen.com\/\",\"logo\":{\"@type\":\"ImageObject\",\"inLanguage\":\"de\",\"@id\":\"https:\/\/iwanov-uebersetzungen.com\/#\/schema\/logo\/image\/\",\"url\":\"https:\/\/iwanov-uebersetzungen.com\/wp-content\/uploads\/2024\/01\/IwanovTranslate-logo-2.png\",\"contentUrl\":\"https:\/\/iwanov-uebersetzungen.com\/wp-content\/uploads\/2024\/01\/IwanovTranslate-logo-2.png\",\"width\":400,\"height\":400,\"caption\":\"Iwanov Translate\"},\"image\":{\"@id\":\"https:\/\/iwanov-uebersetzungen.com\/#\/schema\/logo\/image\/\"}}]}<\/script>\n<!-- \/ Yoast SEO Premium plugin. -->","yoast_head_json":{"title":"\u0423\u0441\u0442\u0435\u043d \u043f\u0440\u0435\u0432\u043e\u0434 - Iwanov Translate","description":"\u0423\u0441\u0442\u0435\u043d \u043f\u0440\u0435\u0432\u043e\u0434 \u0438 \u043f\u0440\u0438\u0434\u0440\u0443\u0436\u0430\u0432\u0430\u043d\u0435 \u043d\u0430 \u043a\u043b\u0438\u0435\u043d\u0442 \u0432 \u0431\u043e\u043b\u043d\u0438\u0446\u0430, \u0431\u0430\u043d\u043a\u0430, \u043f\u0440\u0435\u0434 \u043d\u043e\u0442\u0430\u0440\u0438\u0443\u0441, \u0432 \u0441\u044a\u0434\u0430, \u0434\u0440\u0443\u0433\u0438 \u0438\u043d\u0441\u0442\u0438\u0442\u0443\u0446\u0438\u0438, \u043a\u0430\u043a\u0442\u043e \u0438 \u0432 \u0442\u0435\u043b\u0435\u0444\u043e\u043d\u043d\u0438 \u0440\u0430\u0437\u0433\u043e\u0432\u043e\u0440\u0438.","robots":{"index":"index","follow":"follow","max-snippet":"max-snippet:-1","max-image-preview":"max-image-preview:large","max-video-preview":"max-video-preview:-1"},"canonical":"https:\/\/iwanov-uebersetzungen.com\/de\/dolmetschen\/","og_locale":"de_DE","og_type":"article","og_title":"\u0423\u0441\u0442\u0435\u043d \u043f\u0440\u0435\u0432\u043e\u0434","og_description":"\u0423\u0441\u0442\u0435\u043d \u043f\u0440\u0435\u0432\u043e\u0434 \u0438 \u043f\u0440\u0438\u0434\u0440\u0443\u0436\u0430\u0432\u0430\u043d\u0435 \u043d\u0430 \u043a\u043b\u0438\u0435\u043d\u0442 \u0432 \u0431\u043e\u043b\u043d\u0438\u0446\u0430, \u0431\u0430\u043d\u043a\u0430, \u043f\u0440\u0435\u0434 \u043d\u043e\u0442\u0430\u0440\u0438\u0443\u0441, \u0432 \u0441\u044a\u0434\u0430, \u0434\u0440\u0443\u0433\u0438 \u0438\u043d\u0441\u0442\u0438\u0442\u0443\u0446\u0438\u0438, \u043a\u0430\u043a\u0442\u043e \u0438 \u0432 \u0442\u0435\u043b\u0435\u0444\u043e\u043d\u043d\u0438 \u0440\u0430\u0437\u0433\u043e\u0432\u043e\u0440\u0438.","og_url":"https:\/\/iwanov-uebersetzungen.com\/de\/dolmetschen\/","og_site_name":"Iwanov Translate","article_modified_time":"2024-10-08T11:39:07+00:00","og_image":[{"width":260,"height":260,"url":"https:\/\/iwanov-uebersetzungen.com\/wp-content\/uploads\/2024\/01\/iwanov-translate-favicon-1.png","type":"image\/png"}],"twitter_card":"summary_large_image","twitter_misc":{"Gesch\u00e4tzte Lesezeit":"2\u00a0Minuten"},"schema":{"@context":"https:\/\/schema.org","@graph":[{"@type":"WebPage","@id":"https:\/\/iwanov-uebersetzungen.com\/dolmetschen\/","url":"https:\/\/iwanov-uebersetzungen.com\/dolmetschen\/","name":"\u0423\u0441\u0442\u0435\u043d \u043f\u0440\u0435\u0432\u043e\u0434 - Iwanov Translate","isPartOf":{"@id":"https:\/\/iwanov-uebersetzungen.com\/#website"},"primaryImageOfPage":{"@id":"https:\/\/iwanov-uebersetzungen.com\/dolmetschen\/#primaryimage"},"image":{"@id":"https:\/\/iwanov-uebersetzungen.com\/dolmetschen\/#primaryimage"},"thumbnailUrl":"https:\/\/iwanov-uebersetzungen.com\/wp-content\/uploads\/2024\/01\/iwanov-translate-favicon-1.png","datePublished":"2024-01-15T19:00:16+00:00","dateModified":"2024-10-08T11:39:07+00:00","description":"\u0423\u0441\u0442\u0435\u043d \u043f\u0440\u0435\u0432\u043e\u0434 \u0438 \u043f\u0440\u0438\u0434\u0440\u0443\u0436\u0430\u0432\u0430\u043d\u0435 \u043d\u0430 \u043a\u043b\u0438\u0435\u043d\u0442 \u0432 \u0431\u043e\u043b\u043d\u0438\u0446\u0430, \u0431\u0430\u043d\u043a\u0430, \u043f\u0440\u0435\u0434 \u043d\u043e\u0442\u0430\u0440\u0438\u0443\u0441, \u0432 \u0441\u044a\u0434\u0430, \u0434\u0440\u0443\u0433\u0438 \u0438\u043d\u0441\u0442\u0438\u0442\u0443\u0446\u0438\u0438, \u043a\u0430\u043a\u0442\u043e \u0438 \u0432 \u0442\u0435\u043b\u0435\u0444\u043e\u043d\u043d\u0438 \u0440\u0430\u0437\u0433\u043e\u0432\u043e\u0440\u0438.","breadcrumb":{"@id":"https:\/\/iwanov-uebersetzungen.com\/dolmetschen\/#breadcrumb"},"inLanguage":"de","potentialAction":[{"@type":"ReadAction","target":["https:\/\/iwanov-uebersetzungen.com\/dolmetschen\/"]}]},{"@type":"ImageObject","inLanguage":"de","@id":"https:\/\/iwanov-uebersetzungen.com\/dolmetschen\/#primaryimage","url":"https:\/\/iwanov-uebersetzungen.com\/wp-content\/uploads\/2024\/01\/iwanov-translate-favicon-1.png","contentUrl":"https:\/\/iwanov-uebersetzungen.com\/wp-content\/uploads\/2024\/01\/iwanov-translate-favicon-1.png","width":260,"height":260,"caption":"Iwanov Translate Favicon"},{"@type":"BreadcrumbList","@id":"https:\/\/iwanov-uebersetzungen.com\/dolmetschen\/#breadcrumb","itemListElement":[{"@type":"ListItem","position":1,"name":"Home","item":"https:\/\/iwanov-uebersetzungen.com\/"},{"@type":"ListItem","position":2,"name":"\u0423\u0441\u0442\u0435\u043d \u043f\u0440\u0435\u0432\u043e\u0434"}]},{"@type":"WebSite","@id":"https:\/\/iwanov-uebersetzungen.com\/#website","url":"https:\/\/iwanov-uebersetzungen.com\/","name":"Iwanov Translate","description":"\u041f\u0440\u0435\u0432\u043e\u0434 \u0438 \u043b\u0435\u0433\u0430\u043b\u0438\u0437\u0430\u0446\u0438\u044f \u043d\u0430 \u0434\u043e\u043a\u0443\u043c\u0435\u043d\u0442\u0438 \u0432 \u0413\u0435\u0440\u043c\u0430\u043d\u0438\u044f","publisher":{"@id":"https:\/\/iwanov-uebersetzungen.com\/#organization"},"potentialAction":[{"@type":"SearchAction","target":{"@type":"EntryPoint","urlTemplate":"https:\/\/iwanov-uebersetzungen.com\/?s={search_term_string}"},"query-input":{"@type":"PropertyValueSpecification","valueRequired":true,"valueName":"search_term_string"}}],"inLanguage":"de"},{"@type":"Organization","@id":"https:\/\/iwanov-uebersetzungen.com\/#organization","name":"Iwanov Translate","url":"https:\/\/iwanov-uebersetzungen.com\/","logo":{"@type":"ImageObject","inLanguage":"de","@id":"https:\/\/iwanov-uebersetzungen.com\/#\/schema\/logo\/image\/","url":"https:\/\/iwanov-uebersetzungen.com\/wp-content\/uploads\/2024\/01\/IwanovTranslate-logo-2.png","contentUrl":"https:\/\/iwanov-uebersetzungen.com\/wp-content\/uploads\/2024\/01\/IwanovTranslate-logo-2.png","width":400,"height":400,"caption":"Iwanov Translate"},"image":{"@id":"https:\/\/iwanov-uebersetzungen.com\/#\/schema\/logo\/image\/"}}]}},"_links":{"self":[{"href":"https:\/\/iwanov-uebersetzungen.com\/de\/wp-json\/wp\/v2\/pages\/36","targetHints":{"allow":["GET"]}}],"collection":[{"href":"https:\/\/iwanov-uebersetzungen.com\/de\/wp-json\/wp\/v2\/pages"}],"about":[{"href":"https:\/\/iwanov-uebersetzungen.com\/de\/wp-json\/wp\/v2\/types\/page"}],"author":[{"embeddable":true,"href":"https:\/\/iwanov-uebersetzungen.com\/de\/wp-json\/wp\/v2\/users\/1"}],"replies":[{"embeddable":true,"href":"https:\/\/iwanov-uebersetzungen.com\/de\/wp-json\/wp\/v2\/comments?post=36"}],"version-history":[{"count":2,"href":"https:\/\/iwanov-uebersetzungen.com\/de\/wp-json\/wp\/v2\/pages\/36\/revisions"}],"predecessor-version":[{"id":2220,"href":"https:\/\/iwanov-uebersetzungen.com\/de\/wp-json\/wp\/v2\/pages\/36\/revisions\/2220"}],"wp:featuredmedia":[{"embeddable":true,"href":"https:\/\/iwanov-uebersetzungen.com\/de\/wp-json\/wp\/v2\/media\/1800"}],"wp:attachment":[{"href":"https:\/\/iwanov-uebersetzungen.com\/de\/wp-json\/wp\/v2\/media?parent=36"}],"curies":[{"name":"wp","href":"https:\/\/api.w.org\/{rel}","templated":true}]}}