{"id":2170,"date":"2024-03-07T15:13:17","date_gmt":"2024-03-07T13:13:17","guid":{"rendered":"https:\/\/iwanov-uebersetzungen.com\/?page_id=2170"},"modified":"2024-03-07T15:30:32","modified_gmt":"2024-03-07T13:30:32","slug":"impressum","status":"publish","type":"page","link":"https:\/\/iwanov-uebersetzungen.com\/de\/impressum\/","title":{"rendered":"Impressum"},"content":{"rendered":"<div data-elementor-type=\"wp-page\" data-elementor-id=\"2170\" class=\"elementor elementor-2170\" data-elementor-post-type=\"page\">\n\t\t\t\t<div class=\"elementor-element elementor-element-4b807791 e-con-full e-flex e-con e-parent\" data-id=\"4b807791\" data-element_type=\"container\" data-core-v316-plus=\"true\">\n\t\t\t\t<div class=\"elementor-element elementor-element-5d157448 elementor-widget elementor-widget-heading\" data-id=\"5d157448\" data-element_type=\"widget\" data-widget_type=\"heading.default\">\n\t\t\t\t<div class=\"elementor-widget-container\">\n\t\t\t<style>\/*! elementor - v3.20.0 - 10-04-2024 *\/\n.elementor-heading-title{padding:0;margin:0;line-height:1}.elementor-widget-heading .elementor-heading-title[class*=elementor-size-]>a{color:inherit;font-size:inherit;line-height:inherit}.elementor-widget-heading .elementor-heading-title.elementor-size-small{font-size:15px}.elementor-widget-heading .elementor-heading-title.elementor-size-medium{font-size:19px}.elementor-widget-heading .elementor-heading-title.elementor-size-large{font-size:29px}.elementor-widget-heading .elementor-heading-title.elementor-size-xl{font-size:39px}.elementor-widget-heading .elementor-heading-title.elementor-size-xxl{font-size:59px}<\/style><h1 class=\"elementor-heading-title elementor-size-default\">Impressum<\/h1>\t\t<\/div>\n\t\t\t\t<\/div>\n\t\t\t\t<\/div>\n\t\t<div class=\"elementor-element elementor-element-1b1b66f0 e-flex e-con-boxed e-con e-parent\" data-id=\"1b1b66f0\" data-element_type=\"container\" data-settings=\"{&quot;shape_divider_top&quot;:&quot;opacity-tilt&quot;,&quot;shape_divider_bottom&quot;:&quot;opacity-tilt&quot;}\" data-core-v316-plus=\"true\">\n\t\t\t\t\t<div class=\"e-con-inner\">\n\t\t\t\t<div class=\"elementor-shape elementor-shape-top\" data-negative=\"false\">\n\t\t\t<svg xmlns=\"http:\/\/www.w3.org\/2000\/svg\" viewbox=\"0 0 2600 131.1\" preserveaspectratio=\"none\">\n\t<path class=\"elementor-shape-fill\" d=\"M0 0L2600 0 2600 69.1 0 0z\"\/>\n\t<path class=\"elementor-shape-fill\" style=\"opacity:0.5\" d=\"M0 0L2600 0 2600 69.1 0 69.1z\"\/>\n\t<path class=\"elementor-shape-fill\" style=\"opacity:0.25\" d=\"M2600 0L0 0 0 130.1 2600 69.1z\"\/>\n<\/svg>\t\t<\/div>\n\t\t\t\t<div class=\"elementor-shape elementor-shape-bottom\" data-negative=\"false\">\n\t\t\t<svg xmlns=\"http:\/\/www.w3.org\/2000\/svg\" viewbox=\"0 0 2600 131.1\" preserveaspectratio=\"none\">\n\t<path class=\"elementor-shape-fill\" d=\"M0 0L2600 0 2600 69.1 0 0z\"\/>\n\t<path class=\"elementor-shape-fill\" style=\"opacity:0.5\" d=\"M0 0L2600 0 2600 69.1 0 69.1z\"\/>\n\t<path class=\"elementor-shape-fill\" style=\"opacity:0.25\" d=\"M2600 0L0 0 0 130.1 2600 69.1z\"\/>\n<\/svg>\t\t<\/div>\n\t\t<div class=\"elementor-element elementor-element-2378513e e-con-full e-flex e-con e-child\" data-id=\"2378513e\" data-element_type=\"container\" data-settings=\"{&quot;background_background&quot;:&quot;classic&quot;}\">\n\t\t\t\t<div class=\"elementor-element elementor-element-5970d1d5 elementor-widget elementor-widget-text-editor\" data-id=\"5970d1d5\" data-element_type=\"widget\" data-widget_type=\"text-editor.default\">\n\t\t\t\t<div class=\"elementor-widget-container\">\n\t\t\t<style>\/*! elementor - v3.20.0 - 10-04-2024 *\/\n.elementor-widget-text-editor.elementor-drop-cap-view-stacked .elementor-drop-cap{background-color:#69727d;color:#fff}.elementor-widget-text-editor.elementor-drop-cap-view-framed .elementor-drop-cap{color:#69727d;border:3px solid;background-color:transparent}.elementor-widget-text-editor:not(.elementor-drop-cap-view-default) .elementor-drop-cap{margin-top:8px}.elementor-widget-text-editor:not(.elementor-drop-cap-view-default) .elementor-drop-cap-letter{width:1em;height:1em}.elementor-widget-text-editor .elementor-drop-cap{float:left;text-align:center;line-height:1;font-size:50px}.elementor-widget-text-editor .elementor-drop-cap-letter{display:inline-block}<\/style>\t\t\t\t<p><strong>Angaben gem\u00e4\u00df \u00a7 5 TMG:<\/strong><\/p><p><span style=\"font-weight: 400;\">Dr. Ivelin Iwanov<\/span><span style=\"font-weight: 400;\"><br \/><\/span><span style=\"font-weight: 400;\">Im Sommerhau 3<\/span><span style=\"font-weight: 400;\"><br \/><\/span><span style=\"font-weight: 400;\">76547 Sinzheim-Kartung<\/span><br \/><span style=\"font-weight: 400;\">Telefon: +49 (0) 7221972284<\/span><br \/><span style=\"font-weight: 400;\">Mobil: +49(0)1728988871<\/span><br \/><span style=\"font-weight: 400;\">E-Mail: info (at) iwanov (minus) uebersetzungen (dot) com<\/span><br \/><span style=\"font-weight: 400;\">Webseite: www (dot) iwanov (minus) uebersetzungen (dot) com<\/span><\/p><p><span style=\"font-weight: 400;\">Mitglied des BD\u00dc (Landesverband <\/span><span style=\"font-weight: 400;\">BW) <\/span><a href=\"http:\/\/bdue.de\/der-bdue\" target=\"_blank\" rel=\"noopener\"><span style=\"font-weight: 400;\">www.bdue.de<\/span><\/a><\/p><p><strong>Internetseite:<\/strong><\/p><p><span style=\"font-weight: 400;\">Design: <a href=\"https:\/\/studiowebassistant.com\/\" target=\"_blank\" rel=\"noopener\">Web Assistant Ltd.<\/a><\/span><br \/><span style=\"font-weight: 400;\">Programmierung: <a href=\"https:\/\/studiowebassistant.com\/\" target=\"_blank\" rel=\"noopener\">Web Assistant Ltd.<\/a><\/span><span style=\"font-weight: 400;\"><br \/><\/span><span style=\"font-weight: 400;\">Foto: Ivelin Iwanov<\/span><br \/><span style=\"font-weight: 400;\">Fotos: <a href=\"https:\/\/www.canva.com\/\" target=\"_blank\" rel=\"noopener\">canva.com<\/a><\/span><\/p><p><strong>Haftung f\u00fcr Inhalte<\/strong><\/p><p><span style=\"font-weight: 400;\">Die Inhalte meiner Seiten wurden mit allergr\u00f6\u00dfter Sorgfalt erstellt. F\u00fcr die Richtigkeit, Vollst\u00e4ndigkeit und Aktualit\u00e4t der Inhalte kann ich jedoch keine Gew\u00e4hr \u00fcbernehmen. Als Diensteanbieter bin ich laut \u00a7 7 Abs. 1 TMG f\u00fcr eigene Inhalte auf diesen Seiten nach den allgemeinen Gesetzen verantwortlich. Nach \u00a7\u00a7 8 bis 10 TMG bin ich als Diensteanbieter aber nicht dazu verpflichtet, \u00fcbermittelte oder gespeicherte fremde Informationen zu \u00fcberwachen oder nach Umst\u00e4nden zu forschen, die auf eine rechtswidrige T\u00e4tigkeit hinweisen. Verpflichtungen zur Entfernung oder Sperrung der Nutzung von Informationen nach den allgemeinen Gesetzen bleiben hiervon unber\u00fchrt. Eine diesbez\u00fcgliche Haftung ist jedoch erst ab dem Zeitpunkt der Kenntnis einer konkreten Rechtsverletzung m\u00f6glich. Bei Bekanntwerden entsprechender Rechtsverletzungen werde ich solche Inhalte umgehend entfernen.<\/span><\/p><p><strong>Haftung f\u00fcr Links<\/strong><\/p><p><span style=\"font-weight: 400;\">Mein Angebot enth\u00e4lt Links zu externen Webseiten Dritter, auf deren Inhalte ich keinen Einfluss habe. Daher kann ich f\u00fcr diese Inhalte auch keine Gew\u00e4hr \u00fcbernehmen. F\u00fcr die Inhalte der verlinkten Seiten ist stets der jeweilige Anbieter oder Betreiber der Seiten verantwortlich. Die verlinkten Seiten wurden zum Zeitpunkt der Verlinkung auf m\u00f6gliche Rechtsverst\u00f6\u00dfe hin \u00fcberpr\u00fcft. Rechtswidrige Inhalte waren zum Zeitpunkt der Verlinkung nicht erkennbar. Eine permanente inhaltliche Kontrolle der verlinkten Seiten ist jedoch ohne konkrete Anhaltspunkte einer Rechtsverletzung nicht zumutbar. Bei Bekanntwerden von Rechtsverletzungen werde ich derartige Links umgehend entfernen.<\/span><\/p><p><strong>Urheberrecht<\/strong><\/p><p><span style=\"font-weight: 400;\">Die durch mich erstellten Inhalte und Werke auf diesen Seiten unterliegen deutschem Urheberrecht. Die Vervielf\u00e4ltigung, Bearbeitung, Verbreitung sowie jegliche Art der Verwertung au\u00dferhalb der Grenzen des Urheberrechts bed\u00fcrfen meiner schriftlichen Zustimmung. Downloads und Kopien dieser Seiten sind nur f\u00fcr den privaten, nicht f\u00fcr den kommerziellen Gebrauch gestattet. Bei nicht von mir erstellten Inhalten auf diesen Seiten wurden die Urheberrechte Dritter beachtet. Insbesondere werden Inhalte Dritter als solche gekennzeichnet. Sollten Sie trotzdem auf eine Urheberrechtsverletzung aufmerksam werden, bitte ich um einen entsprechenden Hinweis. Bei Bekanntwerden von Rechtsverletzungen werde ich derartige Inhalte umgehend entfernen.<\/span><\/p><p><strong>Datenschutz<\/strong><\/p><p><span style=\"font-weight: 400;\">Der Nutzung von im Rahmen der Impressumspflicht ver\u00f6ffentlichten Kontaktdaten durch Dritte zur \u00dcbersendung von nicht ausdr\u00fccklich angeforderter Werbung bzw. Informationsmaterialien wird hiermit ausdr\u00fccklich widersprochen. Ich behalte mir rechtliche Schritte im Falle der unverlangten Zusendung von Werbeinformationen, etwa durch Spam-Mails, ausdr\u00fccklich vor.<\/span><\/p>\t\t\t\t\t\t<\/div>\n\t\t\t\t<\/div>\n\t\t\t\t<\/div>\n\t\t<div class=\"elementor-element elementor-element-3786d2d6 e-con-full e-flex e-con e-child\" data-id=\"3786d2d6\" data-element_type=\"container\">\n\t\t\t\t<div class=\"elementor-element elementor-element-80663bd elementor-align-center elementor-tablet-align-center elementor-mobile-align-justify elementor-widget-mobile__width-inherit elementor-widget__width-inherit elementor-widget elementor-widget-button\" data-id=\"80663bd\" data-element_type=\"widget\" data-widget_type=\"button.default\">\n\t\t\t\t<div class=\"elementor-widget-container\">\n\t\t\t\t\t<div class=\"elementor-button-wrapper\">\n\t\t\t<a class=\"elementor-button elementor-button-link elementor-size-xs\" href=\"https:\/\/iwanov-uebersetzungen.com\/de\">\n\t\t\t\t\t\t<span class=\"elementor-button-content-wrapper\">\n\t\t\t\t\t\t<span class=\"elementor-button-text\">Zur\u00fcck zur Startseite<\/span>\n\t\t<\/span>\n\t\t\t\t\t<\/a>\n\t\t<\/div>\n\t\t\t\t<\/div>\n\t\t\t\t<\/div>\n\t\t\t\t<\/div>\n\t\t\t\t\t<\/div>\n\t\t\t\t<\/div>\n\t\t\t\t<\/div>","protected":false},"excerpt":{"rendered":"<p>Impressum Angaben gem\u00e4\u00df \u00a7 5 TMG: Dr. Ivelin IwanovIm Sommerhau 376547 Sinzheim-KartungTelefon: +49 (0) 7221972284Mobil: +49(0)1728988871E-Mail: info (at) iwanov (minus) [&hellip;]<\/p>","protected":false},"author":1,"featured_media":0,"parent":0,"menu_order":0,"comment_status":"closed","ping_status":"closed","template":"","meta":{"_monsterinsights_skip_tracking":false,"_monsterinsights_sitenote_active":false,"_monsterinsights_sitenote_note":"","_monsterinsights_sitenote_category":0,"site-sidebar-layout":"no-sidebar","site-content-layout":"","ast-site-content-layout":"full-width-container","site-content-style":"default","site-sidebar-style":"default","ast-global-header-display":"","ast-banner-title-visibility":"","ast-main-header-display":"","ast-hfb-above-header-display":"","ast-hfb-below-header-display":"","ast-hfb-mobile-header-display":"","site-post-title":"disabled","ast-breadcrumbs-content":"","ast-featured-img":"disabled","footer-sml-layout":"","theme-transparent-header-meta":"","adv-header-id-meta":"","stick-header-meta":"","header-above-stick-meta":"","header-main-stick-meta":"","header-below-stick-meta":"","astra-migrate-meta-layouts":"default","ast-page-background-enabled":"default","ast-page-background-meta":{"desktop":{"background-color":"var(--ast-global-color-4)","background-image":"","background-repeat":"repeat","background-position":"center center","background-size":"auto","background-attachment":"scroll","background-type":"","background-media":"","overlay-type":"","overlay-color":"","overlay-gradient":""},"tablet":{"background-color":"","background-image":"","background-repeat":"repeat","background-position":"center center","background-size":"auto","background-attachment":"scroll","background-type":"","background-media":"","overlay-type":"","overlay-color":"","overlay-gradient":""},"mobile":{"background-color":"","background-image":"","background-repeat":"repeat","background-position":"center center","background-size":"auto","background-attachment":"scroll","background-type":"","background-media":"","overlay-type":"","overlay-color":"","overlay-gradient":""}},"ast-content-background-meta":{"desktop":{"background-color":"var(--ast-global-color-5)","background-image":"","background-repeat":"repeat","background-position":"center center","background-size":"auto","background-attachment":"scroll","background-type":"","background-media":"","overlay-type":"","overlay-color":"","overlay-gradient":""},"tablet":{"background-color":"var(--ast-global-color-5)","background-image":"","background-repeat":"repeat","background-position":"center center","background-size":"auto","background-attachment":"scroll","background-type":"","background-media":"","overlay-type":"","overlay-color":"","overlay-gradient":""},"mobile":{"background-color":"var(--ast-global-color-5)","background-image":"","background-repeat":"repeat","background-position":"center center","background-size":"auto","background-attachment":"scroll","background-type":"","background-media":"","overlay-type":"","overlay-color":"","overlay-gradient":""}},"footnotes":""},"class_list":["post-2170","page","type-page","status-publish","hentry"],"yoast_head":"<!-- This site is optimized with the Yoast SEO Premium plugin v23.4 (Yoast SEO v23.4) - https:\/\/yoast.com\/wordpress\/plugins\/seo\/ -->\n<title>Impressum - Iwanov Translate<\/title>\n<meta name=\"robots\" content=\"index, follow, max-snippet:-1, max-image-preview:large, max-video-preview:-1\" \/>\n<link rel=\"canonical\" href=\"https:\/\/iwanov-uebersetzungen.com\/de\/impressum\/\" \/>\n<meta property=\"og:locale\" content=\"de_DE\" \/>\n<meta property=\"og:type\" content=\"article\" \/>\n<meta property=\"og:title\" content=\"Impressum\" \/>\n<meta property=\"og:description\" content=\"Impressum Angaben gem\u00e4\u00df \u00a7 5 TMG: Dr. Ivelin IwanovIm Sommerhau 376547 Sinzheim-KartungTelefon: +49 (0) 7221972284Mobil: +49(0)1728988871E-Mail: info (at) iwanov (minus) [&hellip;]\" \/>\n<meta property=\"og:url\" content=\"https:\/\/iwanov-uebersetzungen.com\/de\/impressum\/\" \/>\n<meta property=\"og:site_name\" content=\"Iwanov Translate\" \/>\n<meta property=\"article:modified_time\" content=\"2024-03-07T13:30:32+00:00\" \/>\n<meta name=\"twitter:card\" content=\"summary_large_image\" \/>\n<meta name=\"twitter:label1\" content=\"Gesch\u00e4tzte Lesezeit\" \/>\n\t<meta name=\"twitter:data1\" content=\"2\u00a0Minuten\" \/>\n<script type=\"application\/ld+json\" class=\"yoast-schema-graph\">{\"@context\":\"https:\/\/schema.org\",\"@graph\":[{\"@type\":\"WebPage\",\"@id\":\"https:\/\/iwanov-uebersetzungen.com\/de\/impressum\/\",\"url\":\"https:\/\/iwanov-uebersetzungen.com\/de\/impressum\/\",\"name\":\"Impressum - Iwanov Translate\",\"isPartOf\":{\"@id\":\"https:\/\/iwanov-uebersetzungen.com\/#website\"},\"datePublished\":\"2024-03-07T13:13:17+00:00\",\"dateModified\":\"2024-03-07T13:30:32+00:00\",\"breadcrumb\":{\"@id\":\"https:\/\/iwanov-uebersetzungen.com\/de\/impressum\/#breadcrumb\"},\"inLanguage\":\"de\",\"potentialAction\":[{\"@type\":\"ReadAction\",\"target\":[\"https:\/\/iwanov-uebersetzungen.com\/de\/impressum\/\"]}]},{\"@type\":\"BreadcrumbList\",\"@id\":\"https:\/\/iwanov-uebersetzungen.com\/de\/impressum\/#breadcrumb\",\"itemListElement\":[{\"@type\":\"ListItem\",\"position\":1,\"name\":\"Home\",\"item\":\"https:\/\/iwanov-uebersetzungen.com\/\"},{\"@type\":\"ListItem\",\"position\":2,\"name\":\"Impressum\"}]},{\"@type\":\"WebSite\",\"@id\":\"https:\/\/iwanov-uebersetzungen.com\/#website\",\"url\":\"https:\/\/iwanov-uebersetzungen.com\/\",\"name\":\"Iwanov Translate\",\"description\":\"\u041f\u0440\u0435\u0432\u043e\u0434 \u0438 \u043b\u0435\u0433\u0430\u043b\u0438\u0437\u0430\u0446\u0438\u044f \u043d\u0430 \u0434\u043e\u043a\u0443\u043c\u0435\u043d\u0442\u0438 \u0432 \u0413\u0435\u0440\u043c\u0430\u043d\u0438\u044f\",\"publisher\":{\"@id\":\"https:\/\/iwanov-uebersetzungen.com\/#organization\"},\"potentialAction\":[{\"@type\":\"SearchAction\",\"target\":{\"@type\":\"EntryPoint\",\"urlTemplate\":\"https:\/\/iwanov-uebersetzungen.com\/?s={search_term_string}\"},\"query-input\":{\"@type\":\"PropertyValueSpecification\",\"valueRequired\":true,\"valueName\":\"search_term_string\"}}],\"inLanguage\":\"de\"},{\"@type\":\"Organization\",\"@id\":\"https:\/\/iwanov-uebersetzungen.com\/#organization\",\"name\":\"Iwanov Translate\",\"url\":\"https:\/\/iwanov-uebersetzungen.com\/\",\"logo\":{\"@type\":\"ImageObject\",\"inLanguage\":\"de\",\"@id\":\"https:\/\/iwanov-uebersetzungen.com\/#\/schema\/logo\/image\/\",\"url\":\"https:\/\/iwanov-uebersetzungen.com\/wp-content\/uploads\/2024\/01\/IwanovTranslate-logo-2.png\",\"contentUrl\":\"https:\/\/iwanov-uebersetzungen.com\/wp-content\/uploads\/2024\/01\/IwanovTranslate-logo-2.png\",\"width\":400,\"height\":400,\"caption\":\"Iwanov Translate\"},\"image\":{\"@id\":\"https:\/\/iwanov-uebersetzungen.com\/#\/schema\/logo\/image\/\"}}]}<\/script>\n<!-- \/ Yoast SEO Premium plugin. -->","yoast_head_json":{"title":"Impressum - Iwanov Translate","robots":{"index":"index","follow":"follow","max-snippet":"max-snippet:-1","max-image-preview":"max-image-preview:large","max-video-preview":"max-video-preview:-1"},"canonical":"https:\/\/iwanov-uebersetzungen.com\/de\/impressum\/","og_locale":"de_DE","og_type":"article","og_title":"Impressum","og_description":"Impressum Angaben gem\u00e4\u00df \u00a7 5 TMG: Dr. Ivelin IwanovIm Sommerhau 376547 Sinzheim-KartungTelefon: +49 (0) 7221972284Mobil: +49(0)1728988871E-Mail: info (at) iwanov (minus) [&hellip;]","og_url":"https:\/\/iwanov-uebersetzungen.com\/de\/impressum\/","og_site_name":"Iwanov Translate","article_modified_time":"2024-03-07T13:30:32+00:00","twitter_card":"summary_large_image","twitter_misc":{"Gesch\u00e4tzte Lesezeit":"2\u00a0Minuten"},"schema":{"@context":"https:\/\/schema.org","@graph":[{"@type":"WebPage","@id":"https:\/\/iwanov-uebersetzungen.com\/de\/impressum\/","url":"https:\/\/iwanov-uebersetzungen.com\/de\/impressum\/","name":"Impressum - Iwanov Translate","isPartOf":{"@id":"https:\/\/iwanov-uebersetzungen.com\/#website"},"datePublished":"2024-03-07T13:13:17+00:00","dateModified":"2024-03-07T13:30:32+00:00","breadcrumb":{"@id":"https:\/\/iwanov-uebersetzungen.com\/de\/impressum\/#breadcrumb"},"inLanguage":"de","potentialAction":[{"@type":"ReadAction","target":["https:\/\/iwanov-uebersetzungen.com\/de\/impressum\/"]}]},{"@type":"BreadcrumbList","@id":"https:\/\/iwanov-uebersetzungen.com\/de\/impressum\/#breadcrumb","itemListElement":[{"@type":"ListItem","position":1,"name":"Home","item":"https:\/\/iwanov-uebersetzungen.com\/"},{"@type":"ListItem","position":2,"name":"Impressum"}]},{"@type":"WebSite","@id":"https:\/\/iwanov-uebersetzungen.com\/#website","url":"https:\/\/iwanov-uebersetzungen.com\/","name":"Iwanov Translate","description":"\u041f\u0440\u0435\u0432\u043e\u0434 \u0438 \u043b\u0435\u0433\u0430\u043b\u0438\u0437\u0430\u0446\u0438\u044f \u043d\u0430 \u0434\u043e\u043a\u0443\u043c\u0435\u043d\u0442\u0438 \u0432 \u0413\u0435\u0440\u043c\u0430\u043d\u0438\u044f","publisher":{"@id":"https:\/\/iwanov-uebersetzungen.com\/#organization"},"potentialAction":[{"@type":"SearchAction","target":{"@type":"EntryPoint","urlTemplate":"https:\/\/iwanov-uebersetzungen.com\/?s={search_term_string}"},"query-input":{"@type":"PropertyValueSpecification","valueRequired":true,"valueName":"search_term_string"}}],"inLanguage":"de"},{"@type":"Organization","@id":"https:\/\/iwanov-uebersetzungen.com\/#organization","name":"Iwanov Translate","url":"https:\/\/iwanov-uebersetzungen.com\/","logo":{"@type":"ImageObject","inLanguage":"de","@id":"https:\/\/iwanov-uebersetzungen.com\/#\/schema\/logo\/image\/","url":"https:\/\/iwanov-uebersetzungen.com\/wp-content\/uploads\/2024\/01\/IwanovTranslate-logo-2.png","contentUrl":"https:\/\/iwanov-uebersetzungen.com\/wp-content\/uploads\/2024\/01\/IwanovTranslate-logo-2.png","width":400,"height":400,"caption":"Iwanov Translate"},"image":{"@id":"https:\/\/iwanov-uebersetzungen.com\/#\/schema\/logo\/image\/"}}]}},"_links":{"self":[{"href":"https:\/\/iwanov-uebersetzungen.com\/de\/wp-json\/wp\/v2\/pages\/2170","targetHints":{"allow":["GET"]}}],"collection":[{"href":"https:\/\/iwanov-uebersetzungen.com\/de\/wp-json\/wp\/v2\/pages"}],"about":[{"href":"https:\/\/iwanov-uebersetzungen.com\/de\/wp-json\/wp\/v2\/types\/page"}],"author":[{"embeddable":true,"href":"https:\/\/iwanov-uebersetzungen.com\/de\/wp-json\/wp\/v2\/users\/1"}],"replies":[{"embeddable":true,"href":"https:\/\/iwanov-uebersetzungen.com\/de\/wp-json\/wp\/v2\/comments?post=2170"}],"version-history":[{"count":0,"href":"https:\/\/iwanov-uebersetzungen.com\/de\/wp-json\/wp\/v2\/pages\/2170\/revisions"}],"wp:attachment":[{"href":"https:\/\/iwanov-uebersetzungen.com\/de\/wp-json\/wp\/v2\/media?parent=2170"}],"curies":[{"name":"wp","href":"https:\/\/api.w.org\/{rel}","templated":true}]}}