{"id":1447,"date":"2024-01-25T13:59:36","date_gmt":"2024-01-25T11:59:36","guid":{"rendered":"https:\/\/iwanov-uebersetzungen.com\/?page_id=1447"},"modified":"2024-01-25T14:03:17","modified_gmt":"2024-01-25T12:03:17","slug":"cookie-richtlinie","status":"publish","type":"page","link":"https:\/\/iwanov-uebersetzungen.com\/de\/cookie-richtlinie\/","title":{"rendered":"Cookie-Richtlinie"},"content":{"rendered":"<div data-elementor-type=\"wp-page\" data-elementor-id=\"1447\" class=\"elementor elementor-1447\" data-elementor-post-type=\"page\">\n\t\t\t\t<div class=\"elementor-element elementor-element-4b807791 e-con-full e-flex e-con e-parent\" data-id=\"4b807791\" data-element_type=\"container\" data-core-v316-plus=\"true\">\n\t\t\t\t<div class=\"elementor-element elementor-element-5d157448 elementor-widget elementor-widget-heading\" data-id=\"5d157448\" data-element_type=\"widget\" data-widget_type=\"heading.default\">\n\t\t\t\t<div class=\"elementor-widget-container\">\n\t\t\t<style>\/*! elementor - v3.20.0 - 10-04-2024 *\/\n.elementor-heading-title{padding:0;margin:0;line-height:1}.elementor-widget-heading .elementor-heading-title[class*=elementor-size-]>a{color:inherit;font-size:inherit;line-height:inherit}.elementor-widget-heading .elementor-heading-title.elementor-size-small{font-size:15px}.elementor-widget-heading .elementor-heading-title.elementor-size-medium{font-size:19px}.elementor-widget-heading .elementor-heading-title.elementor-size-large{font-size:29px}.elementor-widget-heading .elementor-heading-title.elementor-size-xl{font-size:39px}.elementor-widget-heading .elementor-heading-title.elementor-size-xxl{font-size:59px}<\/style><h1 class=\"elementor-heading-title elementor-size-default\">Cookie-Richtlinie<\/h1>\t\t<\/div>\n\t\t\t\t<\/div>\n\t\t\t\t<\/div>\n\t\t<div class=\"elementor-element elementor-element-1b1b66f0 e-flex e-con-boxed e-con e-parent\" data-id=\"1b1b66f0\" data-element_type=\"container\" data-settings=\"{&quot;shape_divider_top&quot;:&quot;opacity-tilt&quot;,&quot;shape_divider_bottom&quot;:&quot;opacity-tilt&quot;}\" data-core-v316-plus=\"true\">\n\t\t\t\t\t<div class=\"e-con-inner\">\n\t\t\t\t<div class=\"elementor-shape elementor-shape-top\" data-negative=\"false\">\n\t\t\t<svg xmlns=\"http:\/\/www.w3.org\/2000\/svg\" viewbox=\"0 0 2600 131.1\" preserveaspectratio=\"none\">\n\t<path class=\"elementor-shape-fill\" d=\"M0 0L2600 0 2600 69.1 0 0z\"\/>\n\t<path class=\"elementor-shape-fill\" style=\"opacity:0.5\" d=\"M0 0L2600 0 2600 69.1 0 69.1z\"\/>\n\t<path class=\"elementor-shape-fill\" style=\"opacity:0.25\" d=\"M2600 0L0 0 0 130.1 2600 69.1z\"\/>\n<\/svg>\t\t<\/div>\n\t\t\t\t<div class=\"elementor-shape elementor-shape-bottom\" data-negative=\"false\">\n\t\t\t<svg xmlns=\"http:\/\/www.w3.org\/2000\/svg\" viewbox=\"0 0 2600 131.1\" preserveaspectratio=\"none\">\n\t<path class=\"elementor-shape-fill\" d=\"M0 0L2600 0 2600 69.1 0 0z\"\/>\n\t<path class=\"elementor-shape-fill\" style=\"opacity:0.5\" d=\"M0 0L2600 0 2600 69.1 0 69.1z\"\/>\n\t<path class=\"elementor-shape-fill\" style=\"opacity:0.25\" d=\"M2600 0L0 0 0 130.1 2600 69.1z\"\/>\n<\/svg>\t\t<\/div>\n\t\t<div class=\"elementor-element elementor-element-2378513e e-con-full e-flex e-con e-child\" data-id=\"2378513e\" data-element_type=\"container\" data-settings=\"{&quot;background_background&quot;:&quot;classic&quot;}\">\n\t\t\t\t<div class=\"elementor-element elementor-element-5970d1d5 elementor-widget elementor-widget-text-editor\" data-id=\"5970d1d5\" data-element_type=\"widget\" data-widget_type=\"text-editor.default\">\n\t\t\t\t<div class=\"elementor-widget-container\">\n\t\t\t<style>\/*! elementor - v3.20.0 - 10-04-2024 *\/\n.elementor-widget-text-editor.elementor-drop-cap-view-stacked .elementor-drop-cap{background-color:#69727d;color:#fff}.elementor-widget-text-editor.elementor-drop-cap-view-framed .elementor-drop-cap{color:#69727d;border:3px solid;background-color:transparent}.elementor-widget-text-editor:not(.elementor-drop-cap-view-default) .elementor-drop-cap{margin-top:8px}.elementor-widget-text-editor:not(.elementor-drop-cap-view-default) .elementor-drop-cap-letter{width:1em;height:1em}.elementor-widget-text-editor .elementor-drop-cap{float:left;text-align:center;line-height:1;font-size:50px}.elementor-widget-text-editor .elementor-drop-cap-letter{display:inline-block}<\/style>\t\t\t\t<h2><strong>Was sind Cookies?<\/strong><\/h2><p>Cookies sind kleine Textdateien, die Webseiten auf Ihrem Ger\u00e4t speichern, wenn Sie diese besuchen. Sie werden verwendet, um verschiedene Informationen \u00fcber Sie oder technische Informationen \u00fcber den Ort und das Ger\u00e4t zu speichern, von dem aus Sie den Besuch get\u00e4tigt haben. Wenn Sie eine Website in Ihrem Browser laden, sendet dieser ein Cookie an diese, das diese auf Ihrem Ger\u00e4t speichert und beginnt, darauf Informationen zu sammeln. Dann sendet der Browser jedes Mal, wenn Sie dieselbe Website besuchen, das Cookie an die Website zur\u00fcck, sodass er erkennt, dass Sie es sind, und Ihnen Inhalte basierend auf den gesammelten Informationen bereitstellt.<\/p><p>Cookies enthalten unterschiedliche Arten von Daten, je nachdem, wie sie von der Website, die sie erstellt, festgelegt werden.<\/p><p>Einige Cookies sammeln Informationen dar\u00fcber, wie Sie eine Website nutzen, beispielsweise die Seiten, die Sie besucht haben, oder die Links, auf die Sie geklickt haben. Andere speichern m\u00f6glicherweise Informationen \u00fcber Ihre Interessen, sodass die Website Ihnen dann Werbung zeigen kann, die auf diese Interessen zugeschnitten ist.<\/p><p>Cookies k\u00f6nnen sich auch Informationen \u00fcber Ihre aktuelle Sitzung auf der Webseite merken. Dazu k\u00f6nnen die Anmelde- oder Abmeldedaten Ihres Kontos geh\u00f6ren, sodass Sie sich automatisch anmelden k\u00f6nnen, anstatt jedes Mal Ihre Benutzerdaten eingeben zu m\u00fcssen. Cookies sind beispielsweise auch daf\u00fcr verantwortlich, den Status des Warenkorbs in einem Online-Shop zu speichern. Sie speichern auch die Einstellungen, die Sie f\u00fcr eine bestimmte Website festgelegt haben, wie z. B. Anzeigesprache, Schriftgr\u00f6\u00dfe und mehr.<\/p><p>Es ist wichtig zu beachten, dass Cookies selbst als Dateien sicher sind und keinen Schadcode ausf\u00fchren k\u00f6nnen. Sie werden ausschlie\u00dflich zur Speicherung spezifischer Daten verwendet, die dazu dienen, Ihr Erlebnis beim Besuch einer Website zu verbessern und zu erleichtern.<\/p><p>Die von dieser Webseite verwendeten Cookies sammeln die folgenden Informationen:<\/p><p>\u2013 Daten zu den im auf der Webseite ver\u00f6ffentlichten Kontaktformular eingegebenen Informationen, damit diese von Ihnen bei einem zuk\u00fcnftigen Besuch wiederverwendet werden k\u00f6nnen;<\/p><p>\u2013 Daten \u00fcber Besuche vor Ort f\u00fcr statistische Zwecke;<\/p><p>\u2013 Daten \u00fcber Ihre Aktivit\u00e4t beim Besuch der Website aus Sicherheitsgr\u00fcnden.<\/p><h3><strong>Cookies setzen und verwalten<\/strong><\/h3><p>Es besteht keine technische M\u00f6glichkeit, Cookies zu deaktivieren, ohne die Nutzung wichtiger Funktionen dieser Webseite zu beeintr\u00e4chtigen. Mit anderen Worten: Durch die Deaktivierung von Cookies k\u00f6nnen Sie diese Webseite nicht vollst\u00e4ndig nutzen. Wir empfehlen Ihnen, alle Cookies aktiviert zu lassen.<\/p><h4><strong>Cookies deaktivieren<\/strong><\/h4><p>Es ist jedoch m\u00f6glich, Cookies zu deaktivieren, indem Sie auf die Einstellungen des von Ihnen verwendeten Browsers zugreifen. Bitte beachten Sie, dass die Deaktivierung von Cookies nicht nur die Funktionalit\u00e4t dieser Webseite, sondern auch vieler anderer von Ihnen besuchter Webseiten beeintr\u00e4chtigt.<\/p><p>Wenn Sie weitere Informationen oder Hilfe zu diesem Thema ben\u00f6tigen, kontaktieren Sie uns bitte.<\/p>\t\t\t\t\t\t<\/div>\n\t\t\t\t<\/div>\n\t\t\t\t<\/div>\n\t\t<div class=\"elementor-element elementor-element-3786d2d6 e-con-full e-flex e-con e-child\" data-id=\"3786d2d6\" data-element_type=\"container\">\n\t\t\t\t<div class=\"elementor-element elementor-element-80663bd elementor-align-center elementor-tablet-align-center elementor-mobile-align-justify elementor-widget-mobile__width-inherit elementor-widget__width-inherit elementor-widget elementor-widget-button\" data-id=\"80663bd\" data-element_type=\"widget\" data-widget_type=\"button.default\">\n\t\t\t\t<div class=\"elementor-widget-container\">\n\t\t\t\t\t<div class=\"elementor-button-wrapper\">\n\t\t\t<a class=\"elementor-button elementor-button-link elementor-size-xs\" href=\"https:\/\/iwanov-uebersetzungen.com\/de\">\n\t\t\t\t\t\t<span class=\"elementor-button-content-wrapper\">\n\t\t\t\t\t\t<span class=\"elementor-button-text\">Zur\u00fcck zur Startseite<\/span>\n\t\t<\/span>\n\t\t\t\t\t<\/a>\n\t\t<\/div>\n\t\t\t\t<\/div>\n\t\t\t\t<\/div>\n\t\t\t\t<\/div>\n\t\t\t\t\t<\/div>\n\t\t\t\t<\/div>\n\t\t\t\t<\/div>","protected":false},"excerpt":{"rendered":"<p>\u041f\u043e\u043b\u0438\u0442\u0438\u043a\u0430 \u0437\u0430 \u0431\u0438\u0441\u043a\u0432\u0438\u0442\u043a\u0438 \u041a\u0430\u043a\u0432\u043e \u043f\u0440\u0435\u0434\u0441\u0442\u0430\u0432\u043b\u044f\u0432\u0430\u0442 \u201e\u0431\u0438\u0441\u043a\u0432\u0438\u0442\u043a\u0438\u0442\u0435\u201c \u0411\u0438\u0441\u043a\u0432\u0438\u0442\u043a\u0438\u0442\u0435 \u0441\u0430 \u043c\u0430\u043b\u043a\u0438 \u0442\u0435\u043a\u0441\u0442\u043e\u0432\u0438 \u0444\u0430\u0439\u043b\u043e\u0432\u0435, \u043a\u043e\u0438\u0442\u043e \u0443\u0435\u0431 \u0441\u0430\u0439\u0442\u043e\u0432\u0435\u0442\u0435 \u0441\u044a\u0445\u0440\u0430\u043d\u044f\u0432\u0430\u0442 \u043d\u0430 \u0412\u0430\u0448\u0435\u0442\u043e \u0443\u0441\u0442\u0440\u043e\u0439\u0441\u0442\u0432\u043e, \u043a\u043e\u0433\u0430\u0442\u043e \u0433\u0438 [&hellip;]<\/p>","protected":false},"author":1,"featured_media":0,"parent":0,"menu_order":0,"comment_status":"closed","ping_status":"closed","template":"","meta":{"_monsterinsights_skip_tracking":false,"_monsterinsights_sitenote_active":false,"_monsterinsights_sitenote_note":"","_monsterinsights_sitenote_category":0,"site-sidebar-layout":"no-sidebar","site-content-layout":"","ast-site-content-layout":"full-width-container","site-content-style":"default","site-sidebar-style":"default","ast-global-header-display":"","ast-banner-title-visibility":"","ast-main-header-display":"","ast-hfb-above-header-display":"","ast-hfb-below-header-display":"","ast-hfb-mobile-header-display":"","site-post-title":"disabled","ast-breadcrumbs-content":"","ast-featured-img":"disabled","footer-sml-layout":"","theme-transparent-header-meta":"","adv-header-id-meta":"","stick-header-meta":"","header-above-stick-meta":"","header-main-stick-meta":"","header-below-stick-meta":"","astra-migrate-meta-layouts":"default","ast-page-background-enabled":"default","ast-page-background-meta":{"desktop":{"background-color":"var(--ast-global-color-4)","background-image":"","background-repeat":"repeat","background-position":"center center","background-size":"auto","background-attachment":"scroll","background-type":"","background-media":"","overlay-type":"","overlay-color":"","overlay-gradient":""},"tablet":{"background-color":"","background-image":"","background-repeat":"repeat","background-position":"center center","background-size":"auto","background-attachment":"scroll","background-type":"","background-media":"","overlay-type":"","overlay-color":"","overlay-gradient":""},"mobile":{"background-color":"","background-image":"","background-repeat":"repeat","background-position":"center center","background-size":"auto","background-attachment":"scroll","background-type":"","background-media":"","overlay-type":"","overlay-color":"","overlay-gradient":""}},"ast-content-background-meta":{"desktop":{"background-color":"var(--ast-global-color-5)","background-image":"","background-repeat":"repeat","background-position":"center center","background-size":"auto","background-attachment":"scroll","background-type":"","background-media":"","overlay-type":"","overlay-color":"","overlay-gradient":""},"tablet":{"background-color":"var(--ast-global-color-5)","background-image":"","background-repeat":"repeat","background-position":"center center","background-size":"auto","background-attachment":"scroll","background-type":"","background-media":"","overlay-type":"","overlay-color":"","overlay-gradient":""},"mobile":{"background-color":"var(--ast-global-color-5)","background-image":"","background-repeat":"repeat","background-position":"center center","background-size":"auto","background-attachment":"scroll","background-type":"","background-media":"","overlay-type":"","overlay-color":"","overlay-gradient":""}},"footnotes":""},"class_list":["post-1447","page","type-page","status-publish","hentry"],"yoast_head":"<!-- This site is optimized with the Yoast SEO Premium plugin v23.4 (Yoast SEO v23.4) - https:\/\/yoast.com\/wordpress\/plugins\/seo\/ -->\n<title>\u041f\u043e\u043b\u0438\u0442\u0438\u043a\u0430 \u0437\u0430 \u0431\u0438\u0441\u043a\u0432\u0438\u0442\u043a\u0438 - Iwanov Translate<\/title>\n<meta name=\"robots\" content=\"index, follow, max-snippet:-1, max-image-preview:large, max-video-preview:-1\" \/>\n<link rel=\"canonical\" href=\"https:\/\/iwanov-uebersetzungen.com\/de\/cookie-richtlinie\/\" \/>\n<meta property=\"og:locale\" content=\"de_DE\" \/>\n<meta property=\"og:type\" content=\"article\" \/>\n<meta property=\"og:title\" content=\"\u041f\u043e\u043b\u0438\u0442\u0438\u043a\u0430 \u0437\u0430 \u0431\u0438\u0441\u043a\u0432\u0438\u0442\u043a\u0438\" \/>\n<meta property=\"og:description\" content=\"\u041f\u043e\u043b\u0438\u0442\u0438\u043a\u0430 \u0437\u0430 \u0431\u0438\u0441\u043a\u0432\u0438\u0442\u043a\u0438 \u041a\u0430\u043a\u0432\u043e \u043f\u0440\u0435\u0434\u0441\u0442\u0430\u0432\u043b\u044f\u0432\u0430\u0442 \u201e\u0431\u0438\u0441\u043a\u0432\u0438\u0442\u043a\u0438\u0442\u0435\u201c \u0411\u0438\u0441\u043a\u0432\u0438\u0442\u043a\u0438\u0442\u0435 \u0441\u0430 \u043c\u0430\u043b\u043a\u0438 \u0442\u0435\u043a\u0441\u0442\u043e\u0432\u0438 \u0444\u0430\u0439\u043b\u043e\u0432\u0435, \u043a\u043e\u0438\u0442\u043e \u0443\u0435\u0431 \u0441\u0430\u0439\u0442\u043e\u0432\u0435\u0442\u0435 \u0441\u044a\u0445\u0440\u0430\u043d\u044f\u0432\u0430\u0442 \u043d\u0430 \u0412\u0430\u0448\u0435\u0442\u043e \u0443\u0441\u0442\u0440\u043e\u0439\u0441\u0442\u0432\u043e, \u043a\u043e\u0433\u0430\u0442\u043e \u0433\u0438 [&hellip;]\" \/>\n<meta property=\"og:url\" content=\"https:\/\/iwanov-uebersetzungen.com\/de\/cookie-richtlinie\/\" \/>\n<meta property=\"og:site_name\" content=\"Iwanov Translate\" \/>\n<meta property=\"article:modified_time\" content=\"2024-01-25T12:03:17+00:00\" \/>\n<meta name=\"twitter:card\" content=\"summary_large_image\" \/>\n<script type=\"application\/ld+json\" class=\"yoast-schema-graph\">{\"@context\":\"https:\/\/schema.org\",\"@graph\":[{\"@type\":\"WebPage\",\"@id\":\"https:\/\/iwanov-uebersetzungen.com\/de\/cookie-richtlinie\/\",\"url\":\"https:\/\/iwanov-uebersetzungen.com\/de\/cookie-richtlinie\/\",\"name\":\"\u041f\u043e\u043b\u0438\u0442\u0438\u043a\u0430 \u0437\u0430 \u0431\u0438\u0441\u043a\u0432\u0438\u0442\u043a\u0438 - Iwanov Translate\",\"isPartOf\":{\"@id\":\"https:\/\/iwanov-uebersetzungen.com\/#website\"},\"datePublished\":\"2024-01-25T11:59:36+00:00\",\"dateModified\":\"2024-01-25T12:03:17+00:00\",\"breadcrumb\":{\"@id\":\"https:\/\/iwanov-uebersetzungen.com\/de\/cookie-richtlinie\/#breadcrumb\"},\"inLanguage\":\"de\",\"potentialAction\":[{\"@type\":\"ReadAction\",\"target\":[\"https:\/\/iwanov-uebersetzungen.com\/de\/cookie-richtlinie\/\"]}]},{\"@type\":\"BreadcrumbList\",\"@id\":\"https:\/\/iwanov-uebersetzungen.com\/de\/cookie-richtlinie\/#breadcrumb\",\"itemListElement\":[{\"@type\":\"ListItem\",\"position\":1,\"name\":\"Home\",\"item\":\"https:\/\/iwanov-uebersetzungen.com\/\"},{\"@type\":\"ListItem\",\"position\":2,\"name\":\"\u041f\u043e\u043b\u0438\u0442\u0438\u043a\u0430 \u0437\u0430 \u0431\u0438\u0441\u043a\u0432\u0438\u0442\u043a\u0438\"}]},{\"@type\":\"WebSite\",\"@id\":\"https:\/\/iwanov-uebersetzungen.com\/#website\",\"url\":\"https:\/\/iwanov-uebersetzungen.com\/\",\"name\":\"Iwanov Translate\",\"description\":\"\u041f\u0440\u0435\u0432\u043e\u0434 \u0438 \u043b\u0435\u0433\u0430\u043b\u0438\u0437\u0430\u0446\u0438\u044f \u043d\u0430 \u0434\u043e\u043a\u0443\u043c\u0435\u043d\u0442\u0438 \u0432 \u0413\u0435\u0440\u043c\u0430\u043d\u0438\u044f\",\"publisher\":{\"@id\":\"https:\/\/iwanov-uebersetzungen.com\/#organization\"},\"potentialAction\":[{\"@type\":\"SearchAction\",\"target\":{\"@type\":\"EntryPoint\",\"urlTemplate\":\"https:\/\/iwanov-uebersetzungen.com\/?s={search_term_string}\"},\"query-input\":{\"@type\":\"PropertyValueSpecification\",\"valueRequired\":true,\"valueName\":\"search_term_string\"}}],\"inLanguage\":\"de\"},{\"@type\":\"Organization\",\"@id\":\"https:\/\/iwanov-uebersetzungen.com\/#organization\",\"name\":\"Iwanov Translate\",\"url\":\"https:\/\/iwanov-uebersetzungen.com\/\",\"logo\":{\"@type\":\"ImageObject\",\"inLanguage\":\"de\",\"@id\":\"https:\/\/iwanov-uebersetzungen.com\/#\/schema\/logo\/image\/\",\"url\":\"https:\/\/iwanov-uebersetzungen.com\/wp-content\/uploads\/2024\/01\/IwanovTranslate-logo-2.png\",\"contentUrl\":\"https:\/\/iwanov-uebersetzungen.com\/wp-content\/uploads\/2024\/01\/IwanovTranslate-logo-2.png\",\"width\":400,\"height\":400,\"caption\":\"Iwanov Translate\"},\"image\":{\"@id\":\"https:\/\/iwanov-uebersetzungen.com\/#\/schema\/logo\/image\/\"}}]}<\/script>\n<!-- \/ Yoast SEO Premium plugin. -->","yoast_head_json":{"title":"\u041f\u043e\u043b\u0438\u0442\u0438\u043a\u0430 \u0437\u0430 \u0431\u0438\u0441\u043a\u0432\u0438\u0442\u043a\u0438 - Iwanov Translate","robots":{"index":"index","follow":"follow","max-snippet":"max-snippet:-1","max-image-preview":"max-image-preview:large","max-video-preview":"max-video-preview:-1"},"canonical":"https:\/\/iwanov-uebersetzungen.com\/de\/cookie-richtlinie\/","og_locale":"de_DE","og_type":"article","og_title":"\u041f\u043e\u043b\u0438\u0442\u0438\u043a\u0430 \u0437\u0430 \u0431\u0438\u0441\u043a\u0432\u0438\u0442\u043a\u0438","og_description":"\u041f\u043e\u043b\u0438\u0442\u0438\u043a\u0430 \u0437\u0430 \u0431\u0438\u0441\u043a\u0432\u0438\u0442\u043a\u0438 \u041a\u0430\u043a\u0432\u043e \u043f\u0440\u0435\u0434\u0441\u0442\u0430\u0432\u043b\u044f\u0432\u0430\u0442 \u201e\u0431\u0438\u0441\u043a\u0432\u0438\u0442\u043a\u0438\u0442\u0435\u201c \u0411\u0438\u0441\u043a\u0432\u0438\u0442\u043a\u0438\u0442\u0435 \u0441\u0430 \u043c\u0430\u043b\u043a\u0438 \u0442\u0435\u043a\u0441\u0442\u043e\u0432\u0438 \u0444\u0430\u0439\u043b\u043e\u0432\u0435, \u043a\u043e\u0438\u0442\u043e \u0443\u0435\u0431 \u0441\u0430\u0439\u0442\u043e\u0432\u0435\u0442\u0435 \u0441\u044a\u0445\u0440\u0430\u043d\u044f\u0432\u0430\u0442 \u043d\u0430 \u0412\u0430\u0448\u0435\u0442\u043e \u0443\u0441\u0442\u0440\u043e\u0439\u0441\u0442\u0432\u043e, \u043a\u043e\u0433\u0430\u0442\u043e \u0433\u0438 [&hellip;]","og_url":"https:\/\/iwanov-uebersetzungen.com\/de\/cookie-richtlinie\/","og_site_name":"Iwanov Translate","article_modified_time":"2024-01-25T12:03:17+00:00","twitter_card":"summary_large_image","schema":{"@context":"https:\/\/schema.org","@graph":[{"@type":"WebPage","@id":"https:\/\/iwanov-uebersetzungen.com\/de\/cookie-richtlinie\/","url":"https:\/\/iwanov-uebersetzungen.com\/de\/cookie-richtlinie\/","name":"\u041f\u043e\u043b\u0438\u0442\u0438\u043a\u0430 \u0437\u0430 \u0431\u0438\u0441\u043a\u0432\u0438\u0442\u043a\u0438 - Iwanov Translate","isPartOf":{"@id":"https:\/\/iwanov-uebersetzungen.com\/#website"},"datePublished":"2024-01-25T11:59:36+00:00","dateModified":"2024-01-25T12:03:17+00:00","breadcrumb":{"@id":"https:\/\/iwanov-uebersetzungen.com\/de\/cookie-richtlinie\/#breadcrumb"},"inLanguage":"de","potentialAction":[{"@type":"ReadAction","target":["https:\/\/iwanov-uebersetzungen.com\/de\/cookie-richtlinie\/"]}]},{"@type":"BreadcrumbList","@id":"https:\/\/iwanov-uebersetzungen.com\/de\/cookie-richtlinie\/#breadcrumb","itemListElement":[{"@type":"ListItem","position":1,"name":"Home","item":"https:\/\/iwanov-uebersetzungen.com\/"},{"@type":"ListItem","position":2,"name":"\u041f\u043e\u043b\u0438\u0442\u0438\u043a\u0430 \u0437\u0430 \u0431\u0438\u0441\u043a\u0432\u0438\u0442\u043a\u0438"}]},{"@type":"WebSite","@id":"https:\/\/iwanov-uebersetzungen.com\/#website","url":"https:\/\/iwanov-uebersetzungen.com\/","name":"Iwanov Translate","description":"\u041f\u0440\u0435\u0432\u043e\u0434 \u0438 \u043b\u0435\u0433\u0430\u043b\u0438\u0437\u0430\u0446\u0438\u044f \u043d\u0430 \u0434\u043e\u043a\u0443\u043c\u0435\u043d\u0442\u0438 \u0432 \u0413\u0435\u0440\u043c\u0430\u043d\u0438\u044f","publisher":{"@id":"https:\/\/iwanov-uebersetzungen.com\/#organization"},"potentialAction":[{"@type":"SearchAction","target":{"@type":"EntryPoint","urlTemplate":"https:\/\/iwanov-uebersetzungen.com\/?s={search_term_string}"},"query-input":{"@type":"PropertyValueSpecification","valueRequired":true,"valueName":"search_term_string"}}],"inLanguage":"de"},{"@type":"Organization","@id":"https:\/\/iwanov-uebersetzungen.com\/#organization","name":"Iwanov Translate","url":"https:\/\/iwanov-uebersetzungen.com\/","logo":{"@type":"ImageObject","inLanguage":"de","@id":"https:\/\/iwanov-uebersetzungen.com\/#\/schema\/logo\/image\/","url":"https:\/\/iwanov-uebersetzungen.com\/wp-content\/uploads\/2024\/01\/IwanovTranslate-logo-2.png","contentUrl":"https:\/\/iwanov-uebersetzungen.com\/wp-content\/uploads\/2024\/01\/IwanovTranslate-logo-2.png","width":400,"height":400,"caption":"Iwanov Translate"},"image":{"@id":"https:\/\/iwanov-uebersetzungen.com\/#\/schema\/logo\/image\/"}}]}},"_links":{"self":[{"href":"https:\/\/iwanov-uebersetzungen.com\/de\/wp-json\/wp\/v2\/pages\/1447","targetHints":{"allow":["GET"]}}],"collection":[{"href":"https:\/\/iwanov-uebersetzungen.com\/de\/wp-json\/wp\/v2\/pages"}],"about":[{"href":"https:\/\/iwanov-uebersetzungen.com\/de\/wp-json\/wp\/v2\/types\/page"}],"author":[{"embeddable":true,"href":"https:\/\/iwanov-uebersetzungen.com\/de\/wp-json\/wp\/v2\/users\/1"}],"replies":[{"embeddable":true,"href":"https:\/\/iwanov-uebersetzungen.com\/de\/wp-json\/wp\/v2\/comments?post=1447"}],"version-history":[{"count":0,"href":"https:\/\/iwanov-uebersetzungen.com\/de\/wp-json\/wp\/v2\/pages\/1447\/revisions"}],"wp:attachment":[{"href":"https:\/\/iwanov-uebersetzungen.com\/de\/wp-json\/wp\/v2\/media?parent=1447"}],"curies":[{"name":"wp","href":"https:\/\/api.w.org\/{rel}","templated":true}]}}